{"id":941,"date":"2018-04-26T13:55:15","date_gmt":"2018-04-26T11:55:15","guid":{"rendered":"http:\/\/poetomat.ch\/Wordpress\/?page_id=941"},"modified":"2024-02-20T16:13:00","modified_gmt":"2024-02-20T15:13:00","slug":"nebel-des-duersten","status":"publish","type":"page","link":"https:\/\/poetomat.ch\/Wordpress\/musicals-theater\/nebel-des-duersten\/","title":{"rendered":"\u00abNebel des D\u00fcrsten\u00bb"},"content":{"rendered":"\n<p><strong>Ein Dorf macht ein Musical \u2013 und 11 000 Menschen wollen es sehen. Sagenhaft.<\/strong><\/p>\n\n\n\n<p>Rickenbach? Das ist ein Dorf mit etwas mehr als 3000 Einwohnern im Luzernischen. Doch im Herbst 2000 wurde das Dorf zur Musicalmetropole. 11000 Zuschauerinnen und Zuschauer kamen, um sich das Musical \u00abNebel des D\u00fcrsten\u00bb anzuschauen. Die Idee dazu war ganz auf Rickenbacher Mist gewachsen und am Schluss war \u2013 neben B\u00fchnenprofis \u2013 das ganze Dorf mit dabei: Auf und hinter der B\u00fchne, im Ticketverkauf und am Wurststand.<\/p>\n\n\n\n<p>Ein einmaliges Erlebnis. Und f\u00fcr mich der Einstand als Musicaltexter. Mit 23.<\/p>\n\n\n\n<p>Wundersch\u00f6n kitschig ist es geworden: Solaja und Hannes lieben sich. Doch der finstere D\u00fcrst unternimmt alles, um die Halbelfe Solaja in seine Gewalt zu bekommen. Zum Gl\u00fcck gibt es das Irrlicht.<\/p>\n\n\n\n<p>\u00abNebel des D\u00fcrsten\u00bb&nbsp;ist eine sagenhafte Geschichte. Der D\u00fcrst, die Gnomen, die Elfen, der weise Stier und das tollpatschige aber herzensgute Irrlicht bringen die Luzerner Sagenwelt auf die Musicalb\u00fchne. Doch im Kern erz\u00e4hlt das Musical eine zutiefst menschliche Geschichte \u00fcber Freundschaft und Hass, Verrat und Vers\u00f6hnung \u2013 und die Macht der Liebe.<\/p>\n\n\n\n<p><strong>Musik:<\/strong> Georgij Modestov<br><strong>Libretto und Songtexte:<\/strong> Stephan Moser<br><strong>Dramaturgie\/Regie:<\/strong> Roland Simitz<\/p>\n\n\n\n<p><strong>Auff\u00fchrungen:<\/strong> September\/Oktober 2000 in Rickenbach (LU)<\/p>\n\n\n\n<p>Hier gibts zwei Ohren voll.<\/p>\n\n\n\n<figure class=\"wp-block-audio\"><audio controls src=\"https:\/\/poetomat.ch\/Wordpress\/wp-content\/uploads\/2024\/02\/05-Ich-Bin-Der-Duerst1.mp3\"><\/audio><\/figure>\n\n\n\n<p>Song \u00abIch bin der D\u00fcrst\u00bb<\/p>\n\n\n\n<figure class=\"wp-block-audio\"><audio controls src=\"https:\/\/poetomat.ch\/Wordpress\/wp-content\/uploads\/2024\/02\/14-Keine-Nacht-Ist-So-Finster1.mp3\"><\/audio><\/figure>\n\n\n\n<p>Irrlicht-Song \u00abKeine Nacht ist so finster\u00bb<\/p>\n\n\n\n<figure class=\"wp-block-audio\"><audio controls src=\"https:\/\/poetomat.ch\/Wordpress\/wp-content\/uploads\/2024\/02\/13-Alles-Hat-Seine-Zeit2.mp3\"><\/audio><\/figure>\n\n\n\n<p>Der Stier weiss: \u00abAlles hat seine Zeit\u00bb<\/p>\n\n\n\n<figure class=\"wp-block-image size-large\"><a href=\"https:\/\/poetomat.ch\/Wordpress\/wp-content\/uploads\/2024\/02\/nebeldesduersten-scaled.jpg\"><img loading=\"lazy\" decoding=\"async\" width=\"1024\" height=\"1007\" src=\"https:\/\/poetomat.ch\/Wordpress\/wp-content\/uploads\/2024\/02\/nebeldesduersten-1024x1007.jpg\" alt=\"\" class=\"wp-image-1433\" srcset=\"https:\/\/poetomat.ch\/Wordpress\/wp-content\/uploads\/2024\/02\/nebeldesduersten-1024x1007.jpg 1024w, https:\/\/poetomat.ch\/Wordpress\/wp-content\/uploads\/2024\/02\/nebeldesduersten-300x295.jpg 300w, https:\/\/poetomat.ch\/Wordpress\/wp-content\/uploads\/2024\/02\/nebeldesduersten-768x755.jpg 768w, https:\/\/poetomat.ch\/Wordpress\/wp-content\/uploads\/2024\/02\/nebeldesduersten-1536x1510.jpg 1536w, https:\/\/poetomat.ch\/Wordpress\/wp-content\/uploads\/2024\/02\/nebeldesduersten-2048x2013.jpg 2048w\" sizes=\"auto, (max-width: 1024px) 100vw, 1024px\" \/><\/a><\/figure>\n\n\n\n<figure class=\"wp-block-image size-large\"><a href=\"https:\/\/poetomat.ch\/Wordpress\/wp-content\/uploads\/2024\/02\/nebel2-scaled.jpg\"><img loading=\"lazy\" decoding=\"async\" width=\"1024\" height=\"768\" src=\"https:\/\/poetomat.ch\/Wordpress\/wp-content\/uploads\/2024\/02\/nebel2-1024x768.jpg\" alt=\"\" class=\"wp-image-1432\" srcset=\"https:\/\/poetomat.ch\/Wordpress\/wp-content\/uploads\/2024\/02\/nebel2-1024x768.jpg 1024w, https:\/\/poetomat.ch\/Wordpress\/wp-content\/uploads\/2024\/02\/nebel2-300x225.jpg 300w, https:\/\/poetomat.ch\/Wordpress\/wp-content\/uploads\/2024\/02\/nebel2-768x576.jpg 768w, https:\/\/poetomat.ch\/Wordpress\/wp-content\/uploads\/2024\/02\/nebel2-1536x1152.jpg 1536w, https:\/\/poetomat.ch\/Wordpress\/wp-content\/uploads\/2024\/02\/nebel2-2048x1536.jpg 2048w\" sizes=\"auto, (max-width: 1024px) 100vw, 1024px\" \/><\/a><\/figure>\n\n\n\n<!--more-->\n","protected":false},"excerpt":{"rendered":"<p>Ein Dorf macht ein Musical \u2013 und 11 000 Menschen wollen es sehen. Sagenhaft. Rickenbach? Das ist ein Dorf mit etwas mehr als 3000 Einwohnern im Luzernischen. Doch im Herbst 2000 wurde das Dorf zur Musicalmetropole. 11000 Zuschauerinnen und Zuschauer kamen, um sich das Musical \u00abNebel des D\u00fcrsten\u00bb anzuschauen. Die Idee dazu war ganz auf &hellip; <a href=\"https:\/\/poetomat.ch\/Wordpress\/musicals-theater\/nebel-des-duersten\/\" class=\"more-link\"><span class=\"screen-reader-text\">\u00abNebel des D\u00fcrsten\u00bb<\/span> weiterlesen<\/a><\/p>\n","protected":false},"author":2,"featured_media":0,"parent":62,"menu_order":0,"comment_status":"closed","ping_status":"closed","template":"","meta":{"jetpack_post_was_ever_published":false,"footnotes":""},"class_list":["post-941","page","type-page","status-publish","hentry"],"yoast_head":"<!-- This site is optimized with the Yoast SEO plugin v27.4 - https:\/\/yoast.com\/product\/yoast-seo-wordpress\/ -->\n<title>\u00abNebel des D\u00fcrsten\u00bb - Stephan Moser \u2013 Journalist BR, Kolumnist (Freiburger Nachrichten &amp; Askforce), Autor<\/title>\n<meta name=\"robots\" content=\"index, follow, max-snippet:-1, max-image-preview:large, max-video-preview:-1\" \/>\n<link rel=\"canonical\" href=\"https:\/\/poetomat.ch\/Wordpress\/musicals-theater\/nebel-des-duersten\/\" \/>\n<meta property=\"og:locale\" content=\"de_DE\" \/>\n<meta property=\"og:type\" content=\"article\" \/>\n<meta property=\"og:title\" content=\"\u00abNebel des D\u00fcrsten\u00bb - Stephan Moser \u2013 Journalist BR, Kolumnist (Freiburger Nachrichten &amp; Askforce), Autor\" \/>\n<meta property=\"og:description\" content=\"Ein Dorf macht ein Musical \u2013 und 11 000 Menschen wollen es sehen. Sagenhaft. Rickenbach? Das ist ein Dorf mit etwas mehr als 3000 Einwohnern im Luzernischen. Doch im Herbst 2000 wurde das Dorf zur Musicalmetropole. 11000 Zuschauerinnen und Zuschauer kamen, um sich das Musical \u00abNebel des D\u00fcrsten\u00bb anzuschauen. Die Idee dazu war ganz auf &hellip; \u00abNebel des D\u00fcrsten\u00bb weiterlesen\" \/>\n<meta property=\"og:url\" content=\"https:\/\/poetomat.ch\/Wordpress\/musicals-theater\/nebel-des-duersten\/\" \/>\n<meta property=\"og:site_name\" content=\"Stephan Moser \u2013 Journalist BR, Kolumnist (Freiburger Nachrichten &amp; Askforce), Autor\" \/>\n<meta property=\"article:modified_time\" content=\"2024-02-20T15:13:00+00:00\" \/>\n<meta property=\"og:image\" content=\"https:\/\/poetomat.ch\/Wordpress\/wp-content\/uploads\/2024\/02\/nebeldesduersten-1024x1007.jpg\" \/>\n<meta name=\"twitter:label1\" content=\"Gesch\u00e4tzte Lesezeit\" \/>\n\t<meta name=\"twitter:data1\" content=\"2\u00a0Minuten\" \/>\n<script type=\"application\/ld+json\" class=\"yoast-schema-graph\">{\"@context\":\"https:\\\/\\\/schema.org\",\"@graph\":[{\"@type\":\"WebPage\",\"@id\":\"https:\\\/\\\/poetomat.ch\\\/Wordpress\\\/musicals-theater\\\/nebel-des-duersten\\\/\",\"url\":\"https:\\\/\\\/poetomat.ch\\\/Wordpress\\\/musicals-theater\\\/nebel-des-duersten\\\/\",\"name\":\"\u00abNebel des D\u00fcrsten\u00bb - Stephan Moser \u2013 Journalist BR, Kolumnist (Freiburger Nachrichten &amp; Askforce), Autor\",\"isPartOf\":{\"@id\":\"https:\\\/\\\/poetomat.ch\\\/Wordpress\\\/#website\"},\"primaryImageOfPage\":{\"@id\":\"https:\\\/\\\/poetomat.ch\\\/Wordpress\\\/musicals-theater\\\/nebel-des-duersten\\\/#primaryimage\"},\"image\":{\"@id\":\"https:\\\/\\\/poetomat.ch\\\/Wordpress\\\/musicals-theater\\\/nebel-des-duersten\\\/#primaryimage\"},\"thumbnailUrl\":\"https:\\\/\\\/poetomat.ch\\\/Wordpress\\\/wp-content\\\/uploads\\\/2024\\\/02\\\/nebeldesduersten-1024x1007.jpg\",\"datePublished\":\"2018-04-26T11:55:15+00:00\",\"dateModified\":\"2024-02-20T15:13:00+00:00\",\"breadcrumb\":{\"@id\":\"https:\\\/\\\/poetomat.ch\\\/Wordpress\\\/musicals-theater\\\/nebel-des-duersten\\\/#breadcrumb\"},\"inLanguage\":\"de\",\"potentialAction\":[{\"@type\":\"ReadAction\",\"target\":[\"https:\\\/\\\/poetomat.ch\\\/Wordpress\\\/musicals-theater\\\/nebel-des-duersten\\\/\"]}]},{\"@type\":\"ImageObject\",\"inLanguage\":\"de\",\"@id\":\"https:\\\/\\\/poetomat.ch\\\/Wordpress\\\/musicals-theater\\\/nebel-des-duersten\\\/#primaryimage\",\"url\":\"https:\\\/\\\/poetomat.ch\\\/Wordpress\\\/wp-content\\\/uploads\\\/2024\\\/02\\\/nebeldesduersten-scaled.jpg\",\"contentUrl\":\"https:\\\/\\\/poetomat.ch\\\/Wordpress\\\/wp-content\\\/uploads\\\/2024\\\/02\\\/nebeldesduersten-scaled.jpg\",\"width\":2560,\"height\":2517},{\"@type\":\"BreadcrumbList\",\"@id\":\"https:\\\/\\\/poetomat.ch\\\/Wordpress\\\/musicals-theater\\\/nebel-des-duersten\\\/#breadcrumb\",\"itemListElement\":[{\"@type\":\"ListItem\",\"position\":1,\"name\":\"Startseite\",\"item\":\"https:\\\/\\\/poetomat.ch\\\/Wordpress\\\/\"},{\"@type\":\"ListItem\",\"position\":2,\"name\":\"Musicals &#038; Theater\",\"item\":\"https:\\\/\\\/poetomat.ch\\\/Wordpress\\\/musicals-theater\\\/\"},{\"@type\":\"ListItem\",\"position\":3,\"name\":\"\u00abNebel des D\u00fcrsten\u00bb\"}]},{\"@type\":\"WebSite\",\"@id\":\"https:\\\/\\\/poetomat.ch\\\/Wordpress\\\/#website\",\"url\":\"https:\\\/\\\/poetomat.ch\\\/Wordpress\\\/\",\"name\":\"Stephan Moser \u2013 Journalist BR, Kolumnist (Freiburger Nachrichten &amp; Askforce), Autor\",\"description\":\"Ich bin Journalist, Historiker und Autor. Ich schreibe Kolumnen f\u00fcr die \u00abFreiburger Nachrichten\u00bb und die \u00abAskforce\u00bb. Ich habe f\u00fcr die Musical- und Theaterb\u00fchne geschrieben und arbeite an der Vertonung des Dudens.\",\"potentialAction\":[{\"@type\":\"SearchAction\",\"target\":{\"@type\":\"EntryPoint\",\"urlTemplate\":\"https:\\\/\\\/poetomat.ch\\\/Wordpress\\\/?s={search_term_string}\"},\"query-input\":{\"@type\":\"PropertyValueSpecification\",\"valueRequired\":true,\"valueName\":\"search_term_string\"}}],\"inLanguage\":\"de\"}]}<\/script>\n<!-- \/ Yoast SEO plugin. -->","yoast_head_json":{"title":"\u00abNebel des D\u00fcrsten\u00bb - Stephan Moser \u2013 Journalist BR, Kolumnist (Freiburger Nachrichten &amp; Askforce), Autor","robots":{"index":"index","follow":"follow","max-snippet":"max-snippet:-1","max-image-preview":"max-image-preview:large","max-video-preview":"max-video-preview:-1"},"canonical":"https:\/\/poetomat.ch\/Wordpress\/musicals-theater\/nebel-des-duersten\/","og_locale":"de_DE","og_type":"article","og_title":"\u00abNebel des D\u00fcrsten\u00bb - Stephan Moser \u2013 Journalist BR, Kolumnist (Freiburger Nachrichten &amp; Askforce), Autor","og_description":"Ein Dorf macht ein Musical \u2013 und 11 000 Menschen wollen es sehen. Sagenhaft. Rickenbach? Das ist ein Dorf mit etwas mehr als 3000 Einwohnern im Luzernischen. Doch im Herbst 2000 wurde das Dorf zur Musicalmetropole. 11000 Zuschauerinnen und Zuschauer kamen, um sich das Musical \u00abNebel des D\u00fcrsten\u00bb anzuschauen. Die Idee dazu war ganz auf &hellip; \u00abNebel des D\u00fcrsten\u00bb weiterlesen","og_url":"https:\/\/poetomat.ch\/Wordpress\/musicals-theater\/nebel-des-duersten\/","og_site_name":"Stephan Moser \u2013 Journalist BR, Kolumnist (Freiburger Nachrichten &amp; Askforce), Autor","article_modified_time":"2024-02-20T15:13:00+00:00","og_image":[{"url":"https:\/\/poetomat.ch\/Wordpress\/wp-content\/uploads\/2024\/02\/nebeldesduersten-1024x1007.jpg","type":"","width":"","height":""}],"twitter_misc":{"Gesch\u00e4tzte Lesezeit":"2\u00a0Minuten"},"schema":{"@context":"https:\/\/schema.org","@graph":[{"@type":"WebPage","@id":"https:\/\/poetomat.ch\/Wordpress\/musicals-theater\/nebel-des-duersten\/","url":"https:\/\/poetomat.ch\/Wordpress\/musicals-theater\/nebel-des-duersten\/","name":"\u00abNebel des D\u00fcrsten\u00bb - Stephan Moser \u2013 Journalist BR, Kolumnist (Freiburger Nachrichten &amp; Askforce), Autor","isPartOf":{"@id":"https:\/\/poetomat.ch\/Wordpress\/#website"},"primaryImageOfPage":{"@id":"https:\/\/poetomat.ch\/Wordpress\/musicals-theater\/nebel-des-duersten\/#primaryimage"},"image":{"@id":"https:\/\/poetomat.ch\/Wordpress\/musicals-theater\/nebel-des-duersten\/#primaryimage"},"thumbnailUrl":"https:\/\/poetomat.ch\/Wordpress\/wp-content\/uploads\/2024\/02\/nebeldesduersten-1024x1007.jpg","datePublished":"2018-04-26T11:55:15+00:00","dateModified":"2024-02-20T15:13:00+00:00","breadcrumb":{"@id":"https:\/\/poetomat.ch\/Wordpress\/musicals-theater\/nebel-des-duersten\/#breadcrumb"},"inLanguage":"de","potentialAction":[{"@type":"ReadAction","target":["https:\/\/poetomat.ch\/Wordpress\/musicals-theater\/nebel-des-duersten\/"]}]},{"@type":"ImageObject","inLanguage":"de","@id":"https:\/\/poetomat.ch\/Wordpress\/musicals-theater\/nebel-des-duersten\/#primaryimage","url":"https:\/\/poetomat.ch\/Wordpress\/wp-content\/uploads\/2024\/02\/nebeldesduersten-scaled.jpg","contentUrl":"https:\/\/poetomat.ch\/Wordpress\/wp-content\/uploads\/2024\/02\/nebeldesduersten-scaled.jpg","width":2560,"height":2517},{"@type":"BreadcrumbList","@id":"https:\/\/poetomat.ch\/Wordpress\/musicals-theater\/nebel-des-duersten\/#breadcrumb","itemListElement":[{"@type":"ListItem","position":1,"name":"Startseite","item":"https:\/\/poetomat.ch\/Wordpress\/"},{"@type":"ListItem","position":2,"name":"Musicals &#038; Theater","item":"https:\/\/poetomat.ch\/Wordpress\/musicals-theater\/"},{"@type":"ListItem","position":3,"name":"\u00abNebel des D\u00fcrsten\u00bb"}]},{"@type":"WebSite","@id":"https:\/\/poetomat.ch\/Wordpress\/#website","url":"https:\/\/poetomat.ch\/Wordpress\/","name":"Stephan Moser \u2013 Journalist BR, Kolumnist (Freiburger Nachrichten &amp; Askforce), Autor","description":"Ich bin Journalist, Historiker und Autor. Ich schreibe Kolumnen f\u00fcr die \u00abFreiburger Nachrichten\u00bb und die \u00abAskforce\u00bb. Ich habe f\u00fcr die Musical- und Theaterb\u00fchne geschrieben und arbeite an der Vertonung des Dudens.","potentialAction":[{"@type":"SearchAction","target":{"@type":"EntryPoint","urlTemplate":"https:\/\/poetomat.ch\/Wordpress\/?s={search_term_string}"},"query-input":{"@type":"PropertyValueSpecification","valueRequired":true,"valueName":"search_term_string"}}],"inLanguage":"de"}]}},"jetpack_sharing_enabled":true,"jetpack_shortlink":"https:\/\/wp.me\/P5IsBv-fb","_links":{"self":[{"href":"https:\/\/poetomat.ch\/Wordpress\/wp-json\/wp\/v2\/pages\/941","targetHints":{"allow":["GET"]}}],"collection":[{"href":"https:\/\/poetomat.ch\/Wordpress\/wp-json\/wp\/v2\/pages"}],"about":[{"href":"https:\/\/poetomat.ch\/Wordpress\/wp-json\/wp\/v2\/types\/page"}],"author":[{"embeddable":true,"href":"https:\/\/poetomat.ch\/Wordpress\/wp-json\/wp\/v2\/users\/2"}],"replies":[{"embeddable":true,"href":"https:\/\/poetomat.ch\/Wordpress\/wp-json\/wp\/v2\/comments?post=941"}],"version-history":[{"count":5,"href":"https:\/\/poetomat.ch\/Wordpress\/wp-json\/wp\/v2\/pages\/941\/revisions"}],"predecessor-version":[{"id":1444,"href":"https:\/\/poetomat.ch\/Wordpress\/wp-json\/wp\/v2\/pages\/941\/revisions\/1444"}],"up":[{"embeddable":true,"href":"https:\/\/poetomat.ch\/Wordpress\/wp-json\/wp\/v2\/pages\/62"}],"wp:attachment":[{"href":"https:\/\/poetomat.ch\/Wordpress\/wp-json\/wp\/v2\/media?parent=941"}],"curies":[{"name":"wp","href":"https:\/\/api.w.org\/{rel}","templated":true}]}}