{"id":936,"date":"2018-04-26T13:21:48","date_gmt":"2018-04-26T11:21:48","guid":{"rendered":"http:\/\/poetomat.ch\/Wordpress\/?page_id=936"},"modified":"2018-04-26T13:39:11","modified_gmt":"2018-04-26T11:39:11","slug":"ratnroll-das-musical-aus-dem-untergrund","status":"publish","type":"page","link":"https:\/\/poetomat.ch\/Wordpress\/musicals-theater\/ratnroll-das-musical-aus-dem-untergrund\/","title":{"rendered":"\u00abRat&#8217;n&#8217;Roll\u00bb. Das Musical aus dem Untergrund"},"content":{"rendered":"<p><strong>M\u00e4use sind auch nur Menschen und wahrhaft m\u00e4chtig ist nur, wer auf Macht verzichtet: Die S\u00e4ngerknaben Luzern machten das Musical \u00abRat&#8217;n&#8217;Roll\u00bb im Oktober 2004 zum fantastischen Erlebnis.<\/strong><\/p>\n<div class=\"jetpack-video-wrapper\"><span class=\"embed-youtube\" style=\"text-align:center; display: block;\"><iframe loading=\"lazy\" class=\"youtube-player\" width=\"660\" height=\"372\" src=\"https:\/\/www.youtube.com\/embed\/hJRpf38Iabs?version=3&#038;rel=1&#038;showsearch=0&#038;showinfo=1&#038;iv_load_policy=1&#038;fs=1&#038;hl=de-DE&#038;autohide=2&#038;wmode=transparent\" allowfullscreen=\"true\" style=\"border:0;\" sandbox=\"allow-scripts allow-same-origin allow-popups allow-presentation allow-popups-to-escape-sandbox\"><\/iframe><\/span><\/div>\n<p>(Video: Hauptdarsteller Samuel Klauser als Fritz; ein Zusammenschnitt seiner Songs)<\/p>\n<p>In der Kanalisation regiert der Tyrann Augusto mit Gewalt und Angst sein Rattenvolk. Fritz, der legitime Anw\u00e4rter auf den Rattenthr on, weis s nicht so recht, was er eigentlich ist: K\u00f6niglicher Nager oder tierischer Versager? Die weissen M\u00e4use brechen aus ihrem Labork\u00e4fig aus, um die verheissungsvolle Welt der Freiheit jenseits der Gitterst\u00e4be zu suchen. Und der Unkenchor weiss, wie das alles enden muss: Schlecht, nat\u00fcrlich.<\/p>\n<p style=\"text-align: left; padding-left: 180px;\"><em>Unser Bauch ist gelb,<br \/>\n<\/em><em>unser R\u00fccken ist blau<br \/>\nschwarz ist was wir sehen<br \/>\nSehen, wie es kommen muss,<br \/>\nund wie&#8217;s auch kommt,<br \/>\nes kommt schlecht am Schluss<br \/>\nWird b\u00f6s zu Ende gehen.<br \/>\n<\/em><\/p>\n<p>Aber es kommt anders in dieser tierischen Parabel \u00fcber das Erwachsenwerden, Freundschaft, Macht und Freiheit.<\/p>\n<p>Zum eindr\u00fccklichen Erlebnis f\u00fcr 9000 Zuschauer wurde das Musical dank der \u00fcberragenden Leistung der 50 S\u00e4ngerknaben und der witzigen und packenden Umsetzung.<\/p>\n<p><strong>Musik:<\/strong> Georgij Modestov<br \/>\n<strong>Idee, Songtexte:<\/strong> Stephan Moser<br \/>\n<strong>Libretto:<\/strong> Stephan Moser \/ Esther R\u00fctsche<\/p>\n<p><strong>Auff\u00fchrungen:<\/strong> 2.\u201331. Oktober 2004, Urauff\u00fchrung mit den Luzerner Singknaben in Emmenbr\u00fccke (LU); 11.\u201318. M\u00e4rz 2006: Musicalprojekt 10 in Z\u00fcrich-H\u00f6ngg<\/p>\n","protected":false},"excerpt":{"rendered":"<p>M\u00e4use sind auch nur Menschen und wahrhaft m\u00e4chtig ist nur, wer auf Macht verzichtet: Die S\u00e4ngerknaben Luzern machten das Musical \u00abRat&#8217;n&#8217;Roll\u00bb im Oktober 2004 zum fantastischen Erlebnis. (Video: Hauptdarsteller Samuel Klauser als Fritz; ein Zusammenschnitt seiner Songs) In der Kanalisation regiert der Tyrann Augusto mit Gewalt und Angst sein Rattenvolk. Fritz, der legitime Anw\u00e4rter auf &hellip; <a href=\"https:\/\/poetomat.ch\/Wordpress\/musicals-theater\/ratnroll-das-musical-aus-dem-untergrund\/\" class=\"more-link\"><span class=\"screen-reader-text\">\u00abRat&#8217;n&#8217;Roll\u00bb. Das Musical aus dem Untergrund<\/span> weiterlesen<\/a><\/p>\n","protected":false},"author":2,"featured_media":0,"parent":62,"menu_order":0,"comment_status":"closed","ping_status":"closed","template":"","meta":{"jetpack_post_was_ever_published":false,"footnotes":""},"class_list":["post-936","page","type-page","status-publish","hentry"],"yoast_head":"<!-- This site is optimized with the Yoast SEO plugin v27.4 - https:\/\/yoast.com\/product\/yoast-seo-wordpress\/ -->\n<title>\u00abRat&#039;n&#039;Roll\u00bb. Das Musical aus dem Untergrund - Stephan Moser \u2013 Journalist BR, Kolumnist (Freiburger Nachrichten &amp; Askforce), Autor<\/title>\n<meta name=\"robots\" content=\"index, follow, max-snippet:-1, max-image-preview:large, max-video-preview:-1\" \/>\n<link rel=\"canonical\" href=\"https:\/\/poetomat.ch\/Wordpress\/musicals-theater\/ratnroll-das-musical-aus-dem-untergrund\/\" \/>\n<meta property=\"og:locale\" content=\"de_DE\" \/>\n<meta property=\"og:type\" content=\"article\" \/>\n<meta property=\"og:title\" content=\"\u00abRat&#039;n&#039;Roll\u00bb. Das Musical aus dem Untergrund - Stephan Moser \u2013 Journalist BR, Kolumnist (Freiburger Nachrichten &amp; Askforce), Autor\" \/>\n<meta property=\"og:description\" content=\"M\u00e4use sind auch nur Menschen und wahrhaft m\u00e4chtig ist nur, wer auf Macht verzichtet: Die S\u00e4ngerknaben Luzern machten das Musical \u00abRat&#8217;n&#8217;Roll\u00bb im Oktober 2004 zum fantastischen Erlebnis. (Video: Hauptdarsteller Samuel Klauser als Fritz; ein Zusammenschnitt seiner Songs) In der Kanalisation regiert der Tyrann Augusto mit Gewalt und Angst sein Rattenvolk. Fritz, der legitime Anw\u00e4rter auf &hellip; \u00abRat&#8217;n&#8217;Roll\u00bb. Das Musical aus dem Untergrund weiterlesen\" \/>\n<meta property=\"og:url\" content=\"https:\/\/poetomat.ch\/Wordpress\/musicals-theater\/ratnroll-das-musical-aus-dem-untergrund\/\" \/>\n<meta property=\"og:site_name\" content=\"Stephan Moser \u2013 Journalist BR, Kolumnist (Freiburger Nachrichten &amp; Askforce), Autor\" \/>\n<meta property=\"article:modified_time\" content=\"2018-04-26T11:39:11+00:00\" \/>\n<meta name=\"twitter:label1\" content=\"Gesch\u00e4tzte Lesezeit\" \/>\n\t<meta name=\"twitter:data1\" content=\"1\u00a0Minute\" \/>\n<script type=\"application\/ld+json\" class=\"yoast-schema-graph\">{\"@context\":\"https:\\\/\\\/schema.org\",\"@graph\":[{\"@type\":\"WebPage\",\"@id\":\"https:\\\/\\\/poetomat.ch\\\/Wordpress\\\/musicals-theater\\\/ratnroll-das-musical-aus-dem-untergrund\\\/\",\"url\":\"https:\\\/\\\/poetomat.ch\\\/Wordpress\\\/musicals-theater\\\/ratnroll-das-musical-aus-dem-untergrund\\\/\",\"name\":\"\u00abRat'n'Roll\u00bb. Das Musical aus dem Untergrund - Stephan Moser \u2013 Journalist BR, Kolumnist (Freiburger Nachrichten &amp; Askforce), Autor\",\"isPartOf\":{\"@id\":\"https:\\\/\\\/poetomat.ch\\\/Wordpress\\\/#website\"},\"datePublished\":\"2018-04-26T11:21:48+00:00\",\"dateModified\":\"2018-04-26T11:39:11+00:00\",\"breadcrumb\":{\"@id\":\"https:\\\/\\\/poetomat.ch\\\/Wordpress\\\/musicals-theater\\\/ratnroll-das-musical-aus-dem-untergrund\\\/#breadcrumb\"},\"inLanguage\":\"de\",\"potentialAction\":[{\"@type\":\"ReadAction\",\"target\":[\"https:\\\/\\\/poetomat.ch\\\/Wordpress\\\/musicals-theater\\\/ratnroll-das-musical-aus-dem-untergrund\\\/\"]}]},{\"@type\":\"BreadcrumbList\",\"@id\":\"https:\\\/\\\/poetomat.ch\\\/Wordpress\\\/musicals-theater\\\/ratnroll-das-musical-aus-dem-untergrund\\\/#breadcrumb\",\"itemListElement\":[{\"@type\":\"ListItem\",\"position\":1,\"name\":\"Startseite\",\"item\":\"https:\\\/\\\/poetomat.ch\\\/Wordpress\\\/\"},{\"@type\":\"ListItem\",\"position\":2,\"name\":\"Musicals &#038; Theater\",\"item\":\"https:\\\/\\\/poetomat.ch\\\/Wordpress\\\/musicals-theater\\\/\"},{\"@type\":\"ListItem\",\"position\":3,\"name\":\"\u00abRat&#8217;n&#8217;Roll\u00bb. Das Musical aus dem Untergrund\"}]},{\"@type\":\"WebSite\",\"@id\":\"https:\\\/\\\/poetomat.ch\\\/Wordpress\\\/#website\",\"url\":\"https:\\\/\\\/poetomat.ch\\\/Wordpress\\\/\",\"name\":\"Stephan Moser \u2013 Journalist BR, Kolumnist (Freiburger Nachrichten &amp; Askforce), Autor\",\"description\":\"Ich bin Journalist, Historiker und Autor. Ich schreibe Kolumnen f\u00fcr die \u00abFreiburger Nachrichten\u00bb und die \u00abAskforce\u00bb. Ich habe f\u00fcr die Musical- und Theaterb\u00fchne geschrieben und arbeite an der Vertonung des Dudens.\",\"potentialAction\":[{\"@type\":\"SearchAction\",\"target\":{\"@type\":\"EntryPoint\",\"urlTemplate\":\"https:\\\/\\\/poetomat.ch\\\/Wordpress\\\/?s={search_term_string}\"},\"query-input\":{\"@type\":\"PropertyValueSpecification\",\"valueRequired\":true,\"valueName\":\"search_term_string\"}}],\"inLanguage\":\"de\"}]}<\/script>\n<!-- \/ Yoast SEO plugin. -->","yoast_head_json":{"title":"\u00abRat'n'Roll\u00bb. Das Musical aus dem Untergrund - Stephan Moser \u2013 Journalist BR, Kolumnist (Freiburger Nachrichten &amp; Askforce), Autor","robots":{"index":"index","follow":"follow","max-snippet":"max-snippet:-1","max-image-preview":"max-image-preview:large","max-video-preview":"max-video-preview:-1"},"canonical":"https:\/\/poetomat.ch\/Wordpress\/musicals-theater\/ratnroll-das-musical-aus-dem-untergrund\/","og_locale":"de_DE","og_type":"article","og_title":"\u00abRat'n'Roll\u00bb. Das Musical aus dem Untergrund - Stephan Moser \u2013 Journalist BR, Kolumnist (Freiburger Nachrichten &amp; Askforce), Autor","og_description":"M\u00e4use sind auch nur Menschen und wahrhaft m\u00e4chtig ist nur, wer auf Macht verzichtet: Die S\u00e4ngerknaben Luzern machten das Musical \u00abRat&#8217;n&#8217;Roll\u00bb im Oktober 2004 zum fantastischen Erlebnis. (Video: Hauptdarsteller Samuel Klauser als Fritz; ein Zusammenschnitt seiner Songs) In der Kanalisation regiert der Tyrann Augusto mit Gewalt und Angst sein Rattenvolk. Fritz, der legitime Anw\u00e4rter auf &hellip; \u00abRat&#8217;n&#8217;Roll\u00bb. Das Musical aus dem Untergrund weiterlesen","og_url":"https:\/\/poetomat.ch\/Wordpress\/musicals-theater\/ratnroll-das-musical-aus-dem-untergrund\/","og_site_name":"Stephan Moser \u2013 Journalist BR, Kolumnist (Freiburger Nachrichten &amp; Askforce), Autor","article_modified_time":"2018-04-26T11:39:11+00:00","twitter_misc":{"Gesch\u00e4tzte Lesezeit":"1\u00a0Minute"},"schema":{"@context":"https:\/\/schema.org","@graph":[{"@type":"WebPage","@id":"https:\/\/poetomat.ch\/Wordpress\/musicals-theater\/ratnroll-das-musical-aus-dem-untergrund\/","url":"https:\/\/poetomat.ch\/Wordpress\/musicals-theater\/ratnroll-das-musical-aus-dem-untergrund\/","name":"\u00abRat'n'Roll\u00bb. Das Musical aus dem Untergrund - Stephan Moser \u2013 Journalist BR, Kolumnist (Freiburger Nachrichten &amp; Askforce), Autor","isPartOf":{"@id":"https:\/\/poetomat.ch\/Wordpress\/#website"},"datePublished":"2018-04-26T11:21:48+00:00","dateModified":"2018-04-26T11:39:11+00:00","breadcrumb":{"@id":"https:\/\/poetomat.ch\/Wordpress\/musicals-theater\/ratnroll-das-musical-aus-dem-untergrund\/#breadcrumb"},"inLanguage":"de","potentialAction":[{"@type":"ReadAction","target":["https:\/\/poetomat.ch\/Wordpress\/musicals-theater\/ratnroll-das-musical-aus-dem-untergrund\/"]}]},{"@type":"BreadcrumbList","@id":"https:\/\/poetomat.ch\/Wordpress\/musicals-theater\/ratnroll-das-musical-aus-dem-untergrund\/#breadcrumb","itemListElement":[{"@type":"ListItem","position":1,"name":"Startseite","item":"https:\/\/poetomat.ch\/Wordpress\/"},{"@type":"ListItem","position":2,"name":"Musicals &#038; Theater","item":"https:\/\/poetomat.ch\/Wordpress\/musicals-theater\/"},{"@type":"ListItem","position":3,"name":"\u00abRat&#8217;n&#8217;Roll\u00bb. Das Musical aus dem Untergrund"}]},{"@type":"WebSite","@id":"https:\/\/poetomat.ch\/Wordpress\/#website","url":"https:\/\/poetomat.ch\/Wordpress\/","name":"Stephan Moser \u2013 Journalist BR, Kolumnist (Freiburger Nachrichten &amp; Askforce), Autor","description":"Ich bin Journalist, Historiker und Autor. Ich schreibe Kolumnen f\u00fcr die \u00abFreiburger Nachrichten\u00bb und die \u00abAskforce\u00bb. Ich habe f\u00fcr die Musical- und Theaterb\u00fchne geschrieben und arbeite an der Vertonung des Dudens.","potentialAction":[{"@type":"SearchAction","target":{"@type":"EntryPoint","urlTemplate":"https:\/\/poetomat.ch\/Wordpress\/?s={search_term_string}"},"query-input":{"@type":"PropertyValueSpecification","valueRequired":true,"valueName":"search_term_string"}}],"inLanguage":"de"}]}},"jetpack_sharing_enabled":true,"jetpack_shortlink":"https:\/\/wp.me\/P5IsBv-f6","_links":{"self":[{"href":"https:\/\/poetomat.ch\/Wordpress\/wp-json\/wp\/v2\/pages\/936","targetHints":{"allow":["GET"]}}],"collection":[{"href":"https:\/\/poetomat.ch\/Wordpress\/wp-json\/wp\/v2\/pages"}],"about":[{"href":"https:\/\/poetomat.ch\/Wordpress\/wp-json\/wp\/v2\/types\/page"}],"author":[{"embeddable":true,"href":"https:\/\/poetomat.ch\/Wordpress\/wp-json\/wp\/v2\/users\/2"}],"replies":[{"embeddable":true,"href":"https:\/\/poetomat.ch\/Wordpress\/wp-json\/wp\/v2\/comments?post=936"}],"version-history":[{"count":3,"href":"https:\/\/poetomat.ch\/Wordpress\/wp-json\/wp\/v2\/pages\/936\/revisions"}],"predecessor-version":[{"id":940,"href":"https:\/\/poetomat.ch\/Wordpress\/wp-json\/wp\/v2\/pages\/936\/revisions\/940"}],"up":[{"embeddable":true,"href":"https:\/\/poetomat.ch\/Wordpress\/wp-json\/wp\/v2\/pages\/62"}],"wp:attachment":[{"href":"https:\/\/poetomat.ch\/Wordpress\/wp-json\/wp\/v2\/media?parent=936"}],"curies":[{"name":"wp","href":"https:\/\/api.w.org\/{rel}","templated":true}]}}