{"id":931,"date":"2018-04-26T13:06:22","date_gmt":"2018-04-26T11:06:22","guid":{"rendered":"http:\/\/poetomat.ch\/Wordpress\/?page_id=931"},"modified":"2018-04-26T13:14:17","modified_gmt":"2018-04-26T11:14:17","slug":"jukebox-das-musical-aus-dem-treppenhaus-2006","status":"publish","type":"page","link":"https:\/\/poetomat.ch\/Wordpress\/musicals-theater\/jukebox-das-musical-aus-dem-treppenhaus-2006\/","title":{"rendered":"\u00abJukebox\u00bb. Das Musical aus dem Treppenhaus (2006)"},"content":{"rendered":"<h4>Eine Brassband als Musicalorchester, eine Zeitreise in die 50er-Jahre und eine magische Jukebox \u2013 11 000 Zuschauerinnnen und Zuschauer wollten sich \u00abJukebox\u00bb im Dezember 2006 nicht entgehen lassen.<\/h4>\n<p>Ein biederes Schweizer Miethaus in den 1950er Jahren ist Schauplatz dieses Musicals: Anna tr\u00e4umt vom Jazz. Die ehemalige Vari\u00e9t\u00e9-K\u00fcnstlerin Nelly k\u00e4mpft gegen Altersdepressionen und ihren habgierigen Neffen. Der Abwart klammert sich an die Hausordnung, weil ihm sonst so ziemlich alle Gewissheiten abhanden gekommen sind. Die beiden italienischen Gastarbeiterinnen stellen die helvetische Waschk\u00fcchenordnung auf den Kopf, und der Barbier und die Fris\u00f6se m\u00f6gen sich eigentlich ganz gut \u2013 und geraten sich doch st\u00e4ndig in die Haare.<br \/>\nDann ziehen die beiden Kleinstadtrebellen Leo und John ins Haus. Geh\u00e4kelte Vorh\u00e4nge bringen die beiden Elvis-Fans keine mit in ihre neue Bleibe \u2013 daf\u00fcr eine magische Jukebox. Und von jetzt an wird alles anders an der Rosenstrasse 4!<br \/>\nEine charmante Kom\u00f6die \u00fcber das Tr\u00e4umen, die Liebe, das Scheitern und den Tod. Eine turbulente Geschichte \u00fcber scharfe Scheren und spitze Zungen, Jazz, Rock\u2018n\u2018Roll und die Magie der Musik.<\/p>\n<p>Das Besondere daran: Als Musicalorchester fungierte die Brassband B\u00fcrgermusik Luzern!<\/p>\n<p><strong>Musik:<\/strong> Goff Richards<br \/>\n<strong>Libretto\/Songtexte:<\/strong> Stephan Moser, Pascal Murer und Pia Burch<br \/>\n<strong>Regie:<\/strong> Thomas Dietrich<\/p>\n<p><strong>Auff\u00fchrungen:<\/strong> 9.\u201329. Dezember 2006 im Kunst- und Kongresszentrum in Luzern (KKL)<\/p>\n","protected":false},"excerpt":{"rendered":"<p>Eine Brassband als Musicalorchester, eine Zeitreise in die 50er-Jahre und eine magische Jukebox \u2013 11 000 Zuschauerinnnen und Zuschauer wollten sich \u00abJukebox\u00bb im Dezember 2006 nicht entgehen lassen. Ein biederes Schweizer Miethaus in den 1950er Jahren ist Schauplatz dieses Musicals: Anna tr\u00e4umt vom Jazz. Die ehemalige Vari\u00e9t\u00e9-K\u00fcnstlerin Nelly k\u00e4mpft gegen Altersdepressionen und ihren habgierigen Neffen. &hellip; <a href=\"https:\/\/poetomat.ch\/Wordpress\/musicals-theater\/jukebox-das-musical-aus-dem-treppenhaus-2006\/\" class=\"more-link\"><span class=\"screen-reader-text\">\u00abJukebox\u00bb. Das Musical aus dem Treppenhaus (2006)<\/span> weiterlesen<\/a><\/p>\n","protected":false},"author":2,"featured_media":0,"parent":62,"menu_order":0,"comment_status":"closed","ping_status":"closed","template":"","meta":{"jetpack_post_was_ever_published":false,"footnotes":""},"class_list":["post-931","page","type-page","status-publish","hentry"],"yoast_head":"<!-- This site is optimized with the Yoast SEO plugin v27.4 - https:\/\/yoast.com\/product\/yoast-seo-wordpress\/ -->\n<title>\u00abJukebox\u00bb. Das Musical aus dem Treppenhaus (2006) - Stephan Moser \u2013 Journalist BR, Kolumnist (Freiburger Nachrichten &amp; Askforce), Autor<\/title>\n<meta name=\"robots\" content=\"index, follow, max-snippet:-1, max-image-preview:large, max-video-preview:-1\" \/>\n<link rel=\"canonical\" href=\"https:\/\/poetomat.ch\/Wordpress\/musicals-theater\/jukebox-das-musical-aus-dem-treppenhaus-2006\/\" \/>\n<meta property=\"og:locale\" content=\"de_DE\" \/>\n<meta property=\"og:type\" content=\"article\" \/>\n<meta property=\"og:title\" content=\"\u00abJukebox\u00bb. Das Musical aus dem Treppenhaus (2006) - Stephan Moser \u2013 Journalist BR, Kolumnist (Freiburger Nachrichten &amp; Askforce), Autor\" \/>\n<meta property=\"og:description\" content=\"Eine Brassband als Musicalorchester, eine Zeitreise in die 50er-Jahre und eine magische Jukebox \u2013 11 000 Zuschauerinnnen und Zuschauer wollten sich \u00abJukebox\u00bb im Dezember 2006 nicht entgehen lassen. Ein biederes Schweizer Miethaus in den 1950er Jahren ist Schauplatz dieses Musicals: Anna tr\u00e4umt vom Jazz. Die ehemalige Vari\u00e9t\u00e9-K\u00fcnstlerin Nelly k\u00e4mpft gegen Altersdepressionen und ihren habgierigen Neffen. &hellip; \u00abJukebox\u00bb. Das Musical aus dem Treppenhaus (2006) weiterlesen\" \/>\n<meta property=\"og:url\" content=\"https:\/\/poetomat.ch\/Wordpress\/musicals-theater\/jukebox-das-musical-aus-dem-treppenhaus-2006\/\" \/>\n<meta property=\"og:site_name\" content=\"Stephan Moser \u2013 Journalist BR, Kolumnist (Freiburger Nachrichten &amp; Askforce), Autor\" \/>\n<meta property=\"article:modified_time\" content=\"2018-04-26T11:14:17+00:00\" \/>\n<meta name=\"twitter:label1\" content=\"Gesch\u00e4tzte Lesezeit\" \/>\n\t<meta name=\"twitter:data1\" content=\"1\u00a0Minute\" \/>\n<script type=\"application\/ld+json\" class=\"yoast-schema-graph\">{\"@context\":\"https:\\\/\\\/schema.org\",\"@graph\":[{\"@type\":\"WebPage\",\"@id\":\"https:\\\/\\\/poetomat.ch\\\/Wordpress\\\/musicals-theater\\\/jukebox-das-musical-aus-dem-treppenhaus-2006\\\/\",\"url\":\"https:\\\/\\\/poetomat.ch\\\/Wordpress\\\/musicals-theater\\\/jukebox-das-musical-aus-dem-treppenhaus-2006\\\/\",\"name\":\"\u00abJukebox\u00bb. Das Musical aus dem Treppenhaus (2006) - Stephan Moser \u2013 Journalist BR, Kolumnist (Freiburger Nachrichten &amp; Askforce), Autor\",\"isPartOf\":{\"@id\":\"https:\\\/\\\/poetomat.ch\\\/Wordpress\\\/#website\"},\"datePublished\":\"2018-04-26T11:06:22+00:00\",\"dateModified\":\"2018-04-26T11:14:17+00:00\",\"breadcrumb\":{\"@id\":\"https:\\\/\\\/poetomat.ch\\\/Wordpress\\\/musicals-theater\\\/jukebox-das-musical-aus-dem-treppenhaus-2006\\\/#breadcrumb\"},\"inLanguage\":\"de\",\"potentialAction\":[{\"@type\":\"ReadAction\",\"target\":[\"https:\\\/\\\/poetomat.ch\\\/Wordpress\\\/musicals-theater\\\/jukebox-das-musical-aus-dem-treppenhaus-2006\\\/\"]}]},{\"@type\":\"BreadcrumbList\",\"@id\":\"https:\\\/\\\/poetomat.ch\\\/Wordpress\\\/musicals-theater\\\/jukebox-das-musical-aus-dem-treppenhaus-2006\\\/#breadcrumb\",\"itemListElement\":[{\"@type\":\"ListItem\",\"position\":1,\"name\":\"Startseite\",\"item\":\"https:\\\/\\\/poetomat.ch\\\/Wordpress\\\/\"},{\"@type\":\"ListItem\",\"position\":2,\"name\":\"Musicals &#038; Theater\",\"item\":\"https:\\\/\\\/poetomat.ch\\\/Wordpress\\\/musicals-theater\\\/\"},{\"@type\":\"ListItem\",\"position\":3,\"name\":\"\u00abJukebox\u00bb. Das Musical aus dem Treppenhaus (2006)\"}]},{\"@type\":\"WebSite\",\"@id\":\"https:\\\/\\\/poetomat.ch\\\/Wordpress\\\/#website\",\"url\":\"https:\\\/\\\/poetomat.ch\\\/Wordpress\\\/\",\"name\":\"Stephan Moser \u2013 Journalist BR, Kolumnist (Freiburger Nachrichten &amp; Askforce), Autor\",\"description\":\"Ich bin Journalist, Historiker und Autor. Ich schreibe Kolumnen f\u00fcr die \u00abFreiburger Nachrichten\u00bb und die \u00abAskforce\u00bb. Ich habe f\u00fcr die Musical- und Theaterb\u00fchne geschrieben und arbeite an der Vertonung des Dudens.\",\"potentialAction\":[{\"@type\":\"SearchAction\",\"target\":{\"@type\":\"EntryPoint\",\"urlTemplate\":\"https:\\\/\\\/poetomat.ch\\\/Wordpress\\\/?s={search_term_string}\"},\"query-input\":{\"@type\":\"PropertyValueSpecification\",\"valueRequired\":true,\"valueName\":\"search_term_string\"}}],\"inLanguage\":\"de\"}]}<\/script>\n<!-- \/ Yoast SEO plugin. -->","yoast_head_json":{"title":"\u00abJukebox\u00bb. Das Musical aus dem Treppenhaus (2006) - Stephan Moser \u2013 Journalist BR, Kolumnist (Freiburger Nachrichten &amp; Askforce), Autor","robots":{"index":"index","follow":"follow","max-snippet":"max-snippet:-1","max-image-preview":"max-image-preview:large","max-video-preview":"max-video-preview:-1"},"canonical":"https:\/\/poetomat.ch\/Wordpress\/musicals-theater\/jukebox-das-musical-aus-dem-treppenhaus-2006\/","og_locale":"de_DE","og_type":"article","og_title":"\u00abJukebox\u00bb. Das Musical aus dem Treppenhaus (2006) - Stephan Moser \u2013 Journalist BR, Kolumnist (Freiburger Nachrichten &amp; Askforce), Autor","og_description":"Eine Brassband als Musicalorchester, eine Zeitreise in die 50er-Jahre und eine magische Jukebox \u2013 11 000 Zuschauerinnnen und Zuschauer wollten sich \u00abJukebox\u00bb im Dezember 2006 nicht entgehen lassen. Ein biederes Schweizer Miethaus in den 1950er Jahren ist Schauplatz dieses Musicals: Anna tr\u00e4umt vom Jazz. Die ehemalige Vari\u00e9t\u00e9-K\u00fcnstlerin Nelly k\u00e4mpft gegen Altersdepressionen und ihren habgierigen Neffen. &hellip; \u00abJukebox\u00bb. Das Musical aus dem Treppenhaus (2006) weiterlesen","og_url":"https:\/\/poetomat.ch\/Wordpress\/musicals-theater\/jukebox-das-musical-aus-dem-treppenhaus-2006\/","og_site_name":"Stephan Moser \u2013 Journalist BR, Kolumnist (Freiburger Nachrichten &amp; Askforce), Autor","article_modified_time":"2018-04-26T11:14:17+00:00","twitter_misc":{"Gesch\u00e4tzte Lesezeit":"1\u00a0Minute"},"schema":{"@context":"https:\/\/schema.org","@graph":[{"@type":"WebPage","@id":"https:\/\/poetomat.ch\/Wordpress\/musicals-theater\/jukebox-das-musical-aus-dem-treppenhaus-2006\/","url":"https:\/\/poetomat.ch\/Wordpress\/musicals-theater\/jukebox-das-musical-aus-dem-treppenhaus-2006\/","name":"\u00abJukebox\u00bb. Das Musical aus dem Treppenhaus (2006) - Stephan Moser \u2013 Journalist BR, Kolumnist (Freiburger Nachrichten &amp; Askforce), Autor","isPartOf":{"@id":"https:\/\/poetomat.ch\/Wordpress\/#website"},"datePublished":"2018-04-26T11:06:22+00:00","dateModified":"2018-04-26T11:14:17+00:00","breadcrumb":{"@id":"https:\/\/poetomat.ch\/Wordpress\/musicals-theater\/jukebox-das-musical-aus-dem-treppenhaus-2006\/#breadcrumb"},"inLanguage":"de","potentialAction":[{"@type":"ReadAction","target":["https:\/\/poetomat.ch\/Wordpress\/musicals-theater\/jukebox-das-musical-aus-dem-treppenhaus-2006\/"]}]},{"@type":"BreadcrumbList","@id":"https:\/\/poetomat.ch\/Wordpress\/musicals-theater\/jukebox-das-musical-aus-dem-treppenhaus-2006\/#breadcrumb","itemListElement":[{"@type":"ListItem","position":1,"name":"Startseite","item":"https:\/\/poetomat.ch\/Wordpress\/"},{"@type":"ListItem","position":2,"name":"Musicals &#038; Theater","item":"https:\/\/poetomat.ch\/Wordpress\/musicals-theater\/"},{"@type":"ListItem","position":3,"name":"\u00abJukebox\u00bb. Das Musical aus dem Treppenhaus (2006)"}]},{"@type":"WebSite","@id":"https:\/\/poetomat.ch\/Wordpress\/#website","url":"https:\/\/poetomat.ch\/Wordpress\/","name":"Stephan Moser \u2013 Journalist BR, Kolumnist (Freiburger Nachrichten &amp; Askforce), Autor","description":"Ich bin Journalist, Historiker und Autor. Ich schreibe Kolumnen f\u00fcr die \u00abFreiburger Nachrichten\u00bb und die \u00abAskforce\u00bb. Ich habe f\u00fcr die Musical- und Theaterb\u00fchne geschrieben und arbeite an der Vertonung des Dudens.","potentialAction":[{"@type":"SearchAction","target":{"@type":"EntryPoint","urlTemplate":"https:\/\/poetomat.ch\/Wordpress\/?s={search_term_string}"},"query-input":{"@type":"PropertyValueSpecification","valueRequired":true,"valueName":"search_term_string"}}],"inLanguage":"de"}]}},"jetpack_sharing_enabled":true,"jetpack_shortlink":"https:\/\/wp.me\/P5IsBv-f1","_links":{"self":[{"href":"https:\/\/poetomat.ch\/Wordpress\/wp-json\/wp\/v2\/pages\/931","targetHints":{"allow":["GET"]}}],"collection":[{"href":"https:\/\/poetomat.ch\/Wordpress\/wp-json\/wp\/v2\/pages"}],"about":[{"href":"https:\/\/poetomat.ch\/Wordpress\/wp-json\/wp\/v2\/types\/page"}],"author":[{"embeddable":true,"href":"https:\/\/poetomat.ch\/Wordpress\/wp-json\/wp\/v2\/users\/2"}],"replies":[{"embeddable":true,"href":"https:\/\/poetomat.ch\/Wordpress\/wp-json\/wp\/v2\/comments?post=931"}],"version-history":[{"count":3,"href":"https:\/\/poetomat.ch\/Wordpress\/wp-json\/wp\/v2\/pages\/931\/revisions"}],"predecessor-version":[{"id":935,"href":"https:\/\/poetomat.ch\/Wordpress\/wp-json\/wp\/v2\/pages\/931\/revisions\/935"}],"up":[{"embeddable":true,"href":"https:\/\/poetomat.ch\/Wordpress\/wp-json\/wp\/v2\/pages\/62"}],"wp:attachment":[{"href":"https:\/\/poetomat.ch\/Wordpress\/wp-json\/wp\/v2\/media?parent=931"}],"curies":[{"name":"wp","href":"https:\/\/api.w.org\/{rel}","templated":true}]}}