{"id":8,"date":"2015-01-24T20:44:40","date_gmt":"2015-01-24T20:44:40","guid":{"rendered":"http:\/\/poetomat.ch\/Wordpress\/?page_id=8"},"modified":"2025-05-23T16:41:39","modified_gmt":"2025-05-23T14:41:39","slug":"ueber-mich","status":"publish","type":"page","link":"https:\/\/poetomat.ch\/Wordpress\/ueber-mich\/","title":{"rendered":"\u00dcber mich"},"content":{"rendered":"\n<p>Ich bin, wer ich bin. Und kann, was ich tu.<\/p>\n\n\n\n<p>Journalist BR, Mitglied im <a href=\"http:\/\/www.impressum.ch\" target=\"_blank\" rel=\"noopener\">Journalistenverband Impressum<\/a> \u00b7 Redaktor <a href=\"http:\/\/www.foodaktuell.ch\" target=\"_blank\" rel=\"noopener\">foodaktuell.ch<\/a> \u00b7 Kolumnist \u00abFreiburger Nachrichten\u00bb \u00b7 Mitglied im Verband <a href=\"https:\/\/www.a-d-s.ch\/\" target=\"_blank\" rel=\"noopener\">Autorinnen und Autoren der Schweiz AdS<\/a> \u00b7 Historiker und Medienwissenschafter (lic. phil. I) \u00b7 freischaffender Spracharbeiter \u00b7 Veranstalter des <a href=\"http:\/\/www.woerterbuch-marathon.ch\" target=\"_blank\" rel=\"noopener\">Duden-Marathons<\/a> \u00b7 forscht und schreibt zur <a href=\"https:\/\/dorfgeschichten-wuefla.ch\/\" target=\"_blank\" rel=\"noopener\">Geschichte von W\u00fcnnewil-Flamatt<\/a> \u00b7 Vollzeitmensch mit Teilzeitstelle<\/p>\n\n\n\n<p>Sie wollen mehr wissen? Meinen ausf\u00fchrlichen Lebenslauf finden Sie auf <a href=\"http:\/\/ch.linkedin.com\/in\/stephanmoser\" target=\"_blank\" rel=\"noopener\">Linkedin<\/a>.<\/p>\n\n\n\n<hr class=\"wp-block-separator has-alpha-channel-opacity\"\/>\n","protected":false},"excerpt":{"rendered":"<p>Ich bin, wer ich bin. Und kann, was ich tu. Journalist BR, Mitglied im Journalistenverband Impressum \u00b7 Redaktor foodaktuell.ch \u00b7 Kolumnist \u00abFreiburger Nachrichten\u00bb \u00b7 Mitglied im Verband Autorinnen und Autoren der Schweiz AdS \u00b7 Historiker und Medienwissenschafter (lic. phil. I) \u00b7 freischaffender Spracharbeiter \u00b7 Veranstalter des Duden-Marathons \u00b7 forscht und schreibt zur Geschichte von W\u00fcnnewil-Flamatt &hellip; <a href=\"https:\/\/poetomat.ch\/Wordpress\/ueber-mich\/\" class=\"more-link\"><span class=\"screen-reader-text\">\u00dcber mich<\/span> weiterlesen<\/a><\/p>\n","protected":false},"author":2,"featured_media":0,"parent":0,"menu_order":0,"comment_status":"closed","ping_status":"closed","template":"","meta":{"jetpack_post_was_ever_published":false,"footnotes":""},"class_list":["post-8","page","type-page","status-publish","hentry"],"yoast_head":"<!-- This site is optimized with the Yoast SEO plugin v27.4 - https:\/\/yoast.com\/product\/yoast-seo-wordpress\/ -->\n<title>\u00dcber Stephan Moser<\/title>\n<meta name=\"description\" content=\"Journalist BR, schreibt Kolumnen f\u00fcr die Freiburger Nachrichten, textet f\u00fcr Musicals und Theaterst\u00fccke und veranstaltet den Duden-Marathon.\" \/>\n<meta name=\"robots\" content=\"index, follow, max-snippet:-1, max-image-preview:large, max-video-preview:-1\" \/>\n<link rel=\"canonical\" href=\"https:\/\/poetomat.ch\/Wordpress\/ueber-mich\/\" \/>\n<meta property=\"og:locale\" content=\"de_DE\" \/>\n<meta property=\"og:type\" content=\"article\" \/>\n<meta property=\"og:title\" content=\"\u00dcber Stephan Moser\" \/>\n<meta property=\"og:description\" content=\"Journalist BR, schreibt Kolumnen f\u00fcr die Freiburger Nachrichten, textet f\u00fcr Musicals und Theaterst\u00fccke und veranstaltet den Duden-Marathon.\" \/>\n<meta property=\"og:url\" content=\"https:\/\/poetomat.ch\/Wordpress\/ueber-mich\/\" \/>\n<meta property=\"og:site_name\" content=\"Stephan Moser \u2013 Journalist BR, Kolumnist (Freiburger Nachrichten &amp; Askforce), Autor\" \/>\n<meta property=\"article:modified_time\" content=\"2025-05-23T14:41:39+00:00\" \/>\n<meta name=\"twitter:label1\" content=\"Gesch\u00e4tzte Lesezeit\" \/>\n\t<meta name=\"twitter:data1\" content=\"1\u00a0Minute\" \/>\n<script type=\"application\/ld+json\" class=\"yoast-schema-graph\">{\"@context\":\"https:\\\/\\\/schema.org\",\"@graph\":[{\"@type\":\"WebPage\",\"@id\":\"https:\\\/\\\/poetomat.ch\\\/Wordpress\\\/ueber-mich\\\/\",\"url\":\"https:\\\/\\\/poetomat.ch\\\/Wordpress\\\/ueber-mich\\\/\",\"name\":\"\u00dcber Stephan Moser\",\"isPartOf\":{\"@id\":\"https:\\\/\\\/poetomat.ch\\\/Wordpress\\\/#website\"},\"datePublished\":\"2015-01-24T20:44:40+00:00\",\"dateModified\":\"2025-05-23T14:41:39+00:00\",\"description\":\"Journalist BR, schreibt Kolumnen f\u00fcr die Freiburger Nachrichten, textet f\u00fcr Musicals und Theaterst\u00fccke und veranstaltet den Duden-Marathon.\",\"breadcrumb\":{\"@id\":\"https:\\\/\\\/poetomat.ch\\\/Wordpress\\\/ueber-mich\\\/#breadcrumb\"},\"inLanguage\":\"de\",\"potentialAction\":[{\"@type\":\"ReadAction\",\"target\":[\"https:\\\/\\\/poetomat.ch\\\/Wordpress\\\/ueber-mich\\\/\"]}]},{\"@type\":\"BreadcrumbList\",\"@id\":\"https:\\\/\\\/poetomat.ch\\\/Wordpress\\\/ueber-mich\\\/#breadcrumb\",\"itemListElement\":[{\"@type\":\"ListItem\",\"position\":1,\"name\":\"Startseite\",\"item\":\"https:\\\/\\\/poetomat.ch\\\/Wordpress\\\/\"},{\"@type\":\"ListItem\",\"position\":2,\"name\":\"\u00dcber mich\"}]},{\"@type\":\"WebSite\",\"@id\":\"https:\\\/\\\/poetomat.ch\\\/Wordpress\\\/#website\",\"url\":\"https:\\\/\\\/poetomat.ch\\\/Wordpress\\\/\",\"name\":\"Stephan Moser \u2013 Journalist BR, Kolumnist (Freiburger Nachrichten &amp; Askforce), Autor\",\"description\":\"Ich bin Journalist, Historiker und Autor. Ich schreibe Kolumnen f\u00fcr die \u00abFreiburger Nachrichten\u00bb und die \u00abAskforce\u00bb. Ich habe f\u00fcr die Musical- und Theaterb\u00fchne geschrieben und arbeite an der Vertonung des Dudens.\",\"potentialAction\":[{\"@type\":\"SearchAction\",\"target\":{\"@type\":\"EntryPoint\",\"urlTemplate\":\"https:\\\/\\\/poetomat.ch\\\/Wordpress\\\/?s={search_term_string}\"},\"query-input\":{\"@type\":\"PropertyValueSpecification\",\"valueRequired\":true,\"valueName\":\"search_term_string\"}}],\"inLanguage\":\"de\"}]}<\/script>\n<!-- \/ Yoast SEO plugin. -->","yoast_head_json":{"title":"\u00dcber Stephan Moser","description":"Journalist BR, schreibt Kolumnen f\u00fcr die Freiburger Nachrichten, textet f\u00fcr Musicals und Theaterst\u00fccke und veranstaltet den Duden-Marathon.","robots":{"index":"index","follow":"follow","max-snippet":"max-snippet:-1","max-image-preview":"max-image-preview:large","max-video-preview":"max-video-preview:-1"},"canonical":"https:\/\/poetomat.ch\/Wordpress\/ueber-mich\/","og_locale":"de_DE","og_type":"article","og_title":"\u00dcber Stephan Moser","og_description":"Journalist BR, schreibt Kolumnen f\u00fcr die Freiburger Nachrichten, textet f\u00fcr Musicals und Theaterst\u00fccke und veranstaltet den Duden-Marathon.","og_url":"https:\/\/poetomat.ch\/Wordpress\/ueber-mich\/","og_site_name":"Stephan Moser \u2013 Journalist BR, Kolumnist (Freiburger Nachrichten &amp; Askforce), Autor","article_modified_time":"2025-05-23T14:41:39+00:00","twitter_misc":{"Gesch\u00e4tzte Lesezeit":"1\u00a0Minute"},"schema":{"@context":"https:\/\/schema.org","@graph":[{"@type":"WebPage","@id":"https:\/\/poetomat.ch\/Wordpress\/ueber-mich\/","url":"https:\/\/poetomat.ch\/Wordpress\/ueber-mich\/","name":"\u00dcber Stephan Moser","isPartOf":{"@id":"https:\/\/poetomat.ch\/Wordpress\/#website"},"datePublished":"2015-01-24T20:44:40+00:00","dateModified":"2025-05-23T14:41:39+00:00","description":"Journalist BR, schreibt Kolumnen f\u00fcr die Freiburger Nachrichten, textet f\u00fcr Musicals und Theaterst\u00fccke und veranstaltet den Duden-Marathon.","breadcrumb":{"@id":"https:\/\/poetomat.ch\/Wordpress\/ueber-mich\/#breadcrumb"},"inLanguage":"de","potentialAction":[{"@type":"ReadAction","target":["https:\/\/poetomat.ch\/Wordpress\/ueber-mich\/"]}]},{"@type":"BreadcrumbList","@id":"https:\/\/poetomat.ch\/Wordpress\/ueber-mich\/#breadcrumb","itemListElement":[{"@type":"ListItem","position":1,"name":"Startseite","item":"https:\/\/poetomat.ch\/Wordpress\/"},{"@type":"ListItem","position":2,"name":"\u00dcber mich"}]},{"@type":"WebSite","@id":"https:\/\/poetomat.ch\/Wordpress\/#website","url":"https:\/\/poetomat.ch\/Wordpress\/","name":"Stephan Moser \u2013 Journalist BR, Kolumnist (Freiburger Nachrichten &amp; Askforce), Autor","description":"Ich bin Journalist, Historiker und Autor. Ich schreibe Kolumnen f\u00fcr die \u00abFreiburger Nachrichten\u00bb und die \u00abAskforce\u00bb. Ich habe f\u00fcr die Musical- und Theaterb\u00fchne geschrieben und arbeite an der Vertonung des Dudens.","potentialAction":[{"@type":"SearchAction","target":{"@type":"EntryPoint","urlTemplate":"https:\/\/poetomat.ch\/Wordpress\/?s={search_term_string}"},"query-input":{"@type":"PropertyValueSpecification","valueRequired":true,"valueName":"search_term_string"}}],"inLanguage":"de"}]}},"jetpack_sharing_enabled":true,"jetpack_shortlink":"https:\/\/wp.me\/P5IsBv-8","_links":{"self":[{"href":"https:\/\/poetomat.ch\/Wordpress\/wp-json\/wp\/v2\/pages\/8","targetHints":{"allow":["GET"]}}],"collection":[{"href":"https:\/\/poetomat.ch\/Wordpress\/wp-json\/wp\/v2\/pages"}],"about":[{"href":"https:\/\/poetomat.ch\/Wordpress\/wp-json\/wp\/v2\/types\/page"}],"author":[{"embeddable":true,"href":"https:\/\/poetomat.ch\/Wordpress\/wp-json\/wp\/v2\/users\/2"}],"replies":[{"embeddable":true,"href":"https:\/\/poetomat.ch\/Wordpress\/wp-json\/wp\/v2\/comments?post=8"}],"version-history":[{"count":32,"href":"https:\/\/poetomat.ch\/Wordpress\/wp-json\/wp\/v2\/pages\/8\/revisions"}],"predecessor-version":[{"id":1704,"href":"https:\/\/poetomat.ch\/Wordpress\/wp-json\/wp\/v2\/pages\/8\/revisions\/1704"}],"wp:attachment":[{"href":"https:\/\/poetomat.ch\/Wordpress\/wp-json\/wp\/v2\/media?parent=8"}],"curies":[{"name":"wp","href":"https:\/\/api.w.org\/{rel}","templated":true}]}}