{"id":66,"date":"2015-01-26T22:48:02","date_gmt":"2015-01-26T22:48:02","guid":{"rendered":"http:\/\/poetomat.ch\/Wordpress\/?page_id=66"},"modified":"2018-01-18T22:28:01","modified_gmt":"2018-01-18T21:28:01","slug":"spielerisches","status":"publish","type":"page","link":"https:\/\/poetomat.ch\/Wordpress\/spielerisches\/","title":{"rendered":"Spielerisches"},"content":{"rendered":"<div class=\"jsn-bootstrap3\">\n<div id=\"mvhqW2\" class=\"row \">\n<div class=\"col-md-12 col-sm-12 col-xs-12\">\n<div class=\"jsn-bootstrap3 wr-element-container wr-element-text\">\n<h3>Der W\u00f6rterbuch-Marathon bringt den Duden zum Klingen<\/h3>\n<p>Wie t\u00f6nt eigentlich die deutsche Rechtschreibung? Es gibt nur einen Weg, um das herauszufinden \u2013 den Duden laut vorzulesen, Seite f\u00fcr Seite, Wort f\u00fcr Wort, von A bis Z. Sie finden das gaga? Ich sage, der Duden ist Dadaist. Erst wenn wir ihn zum Klingen bringen, ihn fl\u00fcstern, schreien, kreischen, singen, offenbart der scheinbar langweilige Pedant sein wahres Gesicht als enzyklodadap\u00e4disches Lautgedicht. Poetisch und sprachgewaltig. Neugierig geworden? Dann <a href=\"http:\/\/www.woerterbuch-marathon.ch\" target=\"_blank\" rel=\"noopener\">ab an den Start des W\u00f6rterbuchmarathons<\/a>.<\/p>\n<p><iframe loading=\"lazy\" src=\"https:\/\/www.youtube.com\/embed\/yN1rtwk8c9k\" width=\"560\" height=\"315\" frameborder=\"0\" allowfullscreen=\"allowfullscreen\"><\/iframe><\/p>\n<\/div>\n<p>&nbsp;<\/p>\n<div class=\"jsn-bootstrap3 wr-element-container wr-element-text\">\n<hr \/>\n<h3>Der Poetomat \u2013 Gedichte aus dem Kaugummiautomat<\/h3>\n<div id=\"C3IG8u\" class=\"wr_text\"><img loading=\"lazy\" decoding=\"async\" class=\"aligncenter size-full wp-image-151\" src=\"http:\/\/poetomat.ch\/Wordpress\/wp-content\/uploads\/2015\/01\/PoetomatMovie.gif\" alt=\"PoetomatMovie\" width=\"325\" height=\"325\" \/><br \/>\nDer Poetomat zeigt, dass sich aus Kaugummitautomaten auch literarischer Genuss ziehen l\u00e4sst. <a href=\"http:\/\/poetomat.ch\/Wordpress\/spielerisches\/der-poetomat-gedichte-aus-dem-kaugummiautomaten\/\">Mehr erfahren<\/a><\/div>\n<\/div>\n<\/div>\n<\/div>\n<\/div>\n","protected":false},"excerpt":{"rendered":"<p>Der W\u00f6rterbuch-Marathon bringt den Duden zum Klingen Wie t\u00f6nt eigentlich die deutsche Rechtschreibung? Es gibt nur einen Weg, um das herauszufinden \u2013 den Duden laut vorzulesen, Seite f\u00fcr Seite, Wort f\u00fcr Wort, von A bis Z. Sie finden das gaga? Ich sage, der Duden ist Dadaist. Erst wenn wir ihn zum Klingen bringen, ihn fl\u00fcstern, &hellip; <a href=\"https:\/\/poetomat.ch\/Wordpress\/spielerisches\/\" class=\"more-link\"><span class=\"screen-reader-text\">Spielerisches<\/span> weiterlesen<\/a><\/p>\n","protected":false},"author":2,"featured_media":0,"parent":0,"menu_order":0,"comment_status":"closed","ping_status":"closed","template":"","meta":{"jetpack_post_was_ever_published":false,"footnotes":""},"class_list":["post-66","page","type-page","status-publish","hentry"],"yoast_head":"<!-- This site is optimized with the Yoast SEO plugin v27.4 - https:\/\/yoast.com\/product\/yoast-seo-wordpress\/ -->\n<title>Spielerisches - Stephan Moser \u2013 Journalist BR, Kolumnist (Freiburger Nachrichten &amp; Askforce), Autor<\/title>\n<meta name=\"robots\" content=\"index, follow, max-snippet:-1, max-image-preview:large, max-video-preview:-1\" \/>\n<link rel=\"canonical\" href=\"https:\/\/poetomat.ch\/Wordpress\/spielerisches\/\" \/>\n<meta property=\"og:locale\" content=\"de_DE\" \/>\n<meta property=\"og:type\" content=\"article\" \/>\n<meta property=\"og:title\" content=\"Spielerisches - Stephan Moser \u2013 Journalist BR, Kolumnist (Freiburger Nachrichten &amp; Askforce), Autor\" \/>\n<meta property=\"og:description\" content=\"Der W\u00f6rterbuch-Marathon bringt den Duden zum Klingen Wie t\u00f6nt eigentlich die deutsche Rechtschreibung? Es gibt nur einen Weg, um das herauszufinden \u2013 den Duden laut vorzulesen, Seite f\u00fcr Seite, Wort f\u00fcr Wort, von A bis Z. Sie finden das gaga? Ich sage, der Duden ist Dadaist. Erst wenn wir ihn zum Klingen bringen, ihn fl\u00fcstern, &hellip; Spielerisches weiterlesen\" \/>\n<meta property=\"og:url\" content=\"https:\/\/poetomat.ch\/Wordpress\/spielerisches\/\" \/>\n<meta property=\"og:site_name\" content=\"Stephan Moser \u2013 Journalist BR, Kolumnist (Freiburger Nachrichten &amp; Askforce), Autor\" \/>\n<meta property=\"article:modified_time\" content=\"2018-01-18T21:28:01+00:00\" \/>\n<meta property=\"og:image\" content=\"http:\/\/poetomat.ch\/Wordpress\/wp-content\/uploads\/2015\/01\/PoetomatMovie.gif\" \/>\n<meta name=\"twitter:label1\" content=\"Gesch\u00e4tzte Lesezeit\" \/>\n\t<meta name=\"twitter:data1\" content=\"1\u00a0Minute\" \/>\n<script type=\"application\/ld+json\" class=\"yoast-schema-graph\">{\"@context\":\"https:\\\/\\\/schema.org\",\"@graph\":[{\"@type\":\"WebPage\",\"@id\":\"https:\\\/\\\/poetomat.ch\\\/Wordpress\\\/spielerisches\\\/\",\"url\":\"https:\\\/\\\/poetomat.ch\\\/Wordpress\\\/spielerisches\\\/\",\"name\":\"Spielerisches - Stephan Moser \u2013 Journalist BR, Kolumnist (Freiburger Nachrichten &amp; Askforce), Autor\",\"isPartOf\":{\"@id\":\"https:\\\/\\\/poetomat.ch\\\/Wordpress\\\/#website\"},\"primaryImageOfPage\":{\"@id\":\"https:\\\/\\\/poetomat.ch\\\/Wordpress\\\/spielerisches\\\/#primaryimage\"},\"image\":{\"@id\":\"https:\\\/\\\/poetomat.ch\\\/Wordpress\\\/spielerisches\\\/#primaryimage\"},\"thumbnailUrl\":\"http:\\\/\\\/poetomat.ch\\\/Wordpress\\\/wp-content\\\/uploads\\\/2015\\\/01\\\/PoetomatMovie.gif\",\"datePublished\":\"2015-01-26T22:48:02+00:00\",\"dateModified\":\"2018-01-18T21:28:01+00:00\",\"breadcrumb\":{\"@id\":\"https:\\\/\\\/poetomat.ch\\\/Wordpress\\\/spielerisches\\\/#breadcrumb\"},\"inLanguage\":\"de\",\"potentialAction\":[{\"@type\":\"ReadAction\",\"target\":[\"https:\\\/\\\/poetomat.ch\\\/Wordpress\\\/spielerisches\\\/\"]}]},{\"@type\":\"ImageObject\",\"inLanguage\":\"de\",\"@id\":\"https:\\\/\\\/poetomat.ch\\\/Wordpress\\\/spielerisches\\\/#primaryimage\",\"url\":\"http:\\\/\\\/poetomat.ch\\\/Wordpress\\\/wp-content\\\/uploads\\\/2015\\\/01\\\/PoetomatMovie.gif\",\"contentUrl\":\"http:\\\/\\\/poetomat.ch\\\/Wordpress\\\/wp-content\\\/uploads\\\/2015\\\/01\\\/PoetomatMovie.gif\"},{\"@type\":\"BreadcrumbList\",\"@id\":\"https:\\\/\\\/poetomat.ch\\\/Wordpress\\\/spielerisches\\\/#breadcrumb\",\"itemListElement\":[{\"@type\":\"ListItem\",\"position\":1,\"name\":\"Startseite\",\"item\":\"https:\\\/\\\/poetomat.ch\\\/Wordpress\\\/\"},{\"@type\":\"ListItem\",\"position\":2,\"name\":\"Spielerisches\"}]},{\"@type\":\"WebSite\",\"@id\":\"https:\\\/\\\/poetomat.ch\\\/Wordpress\\\/#website\",\"url\":\"https:\\\/\\\/poetomat.ch\\\/Wordpress\\\/\",\"name\":\"Stephan Moser \u2013 Journalist BR, Kolumnist (Freiburger Nachrichten &amp; Askforce), Autor\",\"description\":\"Ich bin Journalist, Historiker und Autor. Ich schreibe Kolumnen f\u00fcr die \u00abFreiburger Nachrichten\u00bb und die \u00abAskforce\u00bb. Ich habe f\u00fcr die Musical- und Theaterb\u00fchne geschrieben und arbeite an der Vertonung des Dudens.\",\"potentialAction\":[{\"@type\":\"SearchAction\",\"target\":{\"@type\":\"EntryPoint\",\"urlTemplate\":\"https:\\\/\\\/poetomat.ch\\\/Wordpress\\\/?s={search_term_string}\"},\"query-input\":{\"@type\":\"PropertyValueSpecification\",\"valueRequired\":true,\"valueName\":\"search_term_string\"}}],\"inLanguage\":\"de\"}]}<\/script>\n<!-- \/ Yoast SEO plugin. -->","yoast_head_json":{"title":"Spielerisches - Stephan Moser \u2013 Journalist BR, Kolumnist (Freiburger Nachrichten &amp; Askforce), Autor","robots":{"index":"index","follow":"follow","max-snippet":"max-snippet:-1","max-image-preview":"max-image-preview:large","max-video-preview":"max-video-preview:-1"},"canonical":"https:\/\/poetomat.ch\/Wordpress\/spielerisches\/","og_locale":"de_DE","og_type":"article","og_title":"Spielerisches - Stephan Moser \u2013 Journalist BR, Kolumnist (Freiburger Nachrichten &amp; Askforce), Autor","og_description":"Der W\u00f6rterbuch-Marathon bringt den Duden zum Klingen Wie t\u00f6nt eigentlich die deutsche Rechtschreibung? Es gibt nur einen Weg, um das herauszufinden \u2013 den Duden laut vorzulesen, Seite f\u00fcr Seite, Wort f\u00fcr Wort, von A bis Z. Sie finden das gaga? Ich sage, der Duden ist Dadaist. Erst wenn wir ihn zum Klingen bringen, ihn fl\u00fcstern, &hellip; Spielerisches weiterlesen","og_url":"https:\/\/poetomat.ch\/Wordpress\/spielerisches\/","og_site_name":"Stephan Moser \u2013 Journalist BR, Kolumnist (Freiburger Nachrichten &amp; Askforce), Autor","article_modified_time":"2018-01-18T21:28:01+00:00","og_image":[{"url":"http:\/\/poetomat.ch\/Wordpress\/wp-content\/uploads\/2015\/01\/PoetomatMovie.gif","type":"","width":"","height":""}],"twitter_misc":{"Gesch\u00e4tzte Lesezeit":"1\u00a0Minute"},"schema":{"@context":"https:\/\/schema.org","@graph":[{"@type":"WebPage","@id":"https:\/\/poetomat.ch\/Wordpress\/spielerisches\/","url":"https:\/\/poetomat.ch\/Wordpress\/spielerisches\/","name":"Spielerisches - Stephan Moser \u2013 Journalist BR, Kolumnist (Freiburger Nachrichten &amp; Askforce), Autor","isPartOf":{"@id":"https:\/\/poetomat.ch\/Wordpress\/#website"},"primaryImageOfPage":{"@id":"https:\/\/poetomat.ch\/Wordpress\/spielerisches\/#primaryimage"},"image":{"@id":"https:\/\/poetomat.ch\/Wordpress\/spielerisches\/#primaryimage"},"thumbnailUrl":"http:\/\/poetomat.ch\/Wordpress\/wp-content\/uploads\/2015\/01\/PoetomatMovie.gif","datePublished":"2015-01-26T22:48:02+00:00","dateModified":"2018-01-18T21:28:01+00:00","breadcrumb":{"@id":"https:\/\/poetomat.ch\/Wordpress\/spielerisches\/#breadcrumb"},"inLanguage":"de","potentialAction":[{"@type":"ReadAction","target":["https:\/\/poetomat.ch\/Wordpress\/spielerisches\/"]}]},{"@type":"ImageObject","inLanguage":"de","@id":"https:\/\/poetomat.ch\/Wordpress\/spielerisches\/#primaryimage","url":"http:\/\/poetomat.ch\/Wordpress\/wp-content\/uploads\/2015\/01\/PoetomatMovie.gif","contentUrl":"http:\/\/poetomat.ch\/Wordpress\/wp-content\/uploads\/2015\/01\/PoetomatMovie.gif"},{"@type":"BreadcrumbList","@id":"https:\/\/poetomat.ch\/Wordpress\/spielerisches\/#breadcrumb","itemListElement":[{"@type":"ListItem","position":1,"name":"Startseite","item":"https:\/\/poetomat.ch\/Wordpress\/"},{"@type":"ListItem","position":2,"name":"Spielerisches"}]},{"@type":"WebSite","@id":"https:\/\/poetomat.ch\/Wordpress\/#website","url":"https:\/\/poetomat.ch\/Wordpress\/","name":"Stephan Moser \u2013 Journalist BR, Kolumnist (Freiburger Nachrichten &amp; Askforce), Autor","description":"Ich bin Journalist, Historiker und Autor. Ich schreibe Kolumnen f\u00fcr die \u00abFreiburger Nachrichten\u00bb und die \u00abAskforce\u00bb. Ich habe f\u00fcr die Musical- und Theaterb\u00fchne geschrieben und arbeite an der Vertonung des Dudens.","potentialAction":[{"@type":"SearchAction","target":{"@type":"EntryPoint","urlTemplate":"https:\/\/poetomat.ch\/Wordpress\/?s={search_term_string}"},"query-input":{"@type":"PropertyValueSpecification","valueRequired":true,"valueName":"search_term_string"}}],"inLanguage":"de"}]}},"jetpack_sharing_enabled":true,"jetpack_shortlink":"https:\/\/wp.me\/P5IsBv-14","_links":{"self":[{"href":"https:\/\/poetomat.ch\/Wordpress\/wp-json\/wp\/v2\/pages\/66","targetHints":{"allow":["GET"]}}],"collection":[{"href":"https:\/\/poetomat.ch\/Wordpress\/wp-json\/wp\/v2\/pages"}],"about":[{"href":"https:\/\/poetomat.ch\/Wordpress\/wp-json\/wp\/v2\/types\/page"}],"author":[{"embeddable":true,"href":"https:\/\/poetomat.ch\/Wordpress\/wp-json\/wp\/v2\/users\/2"}],"replies":[{"embeddable":true,"href":"https:\/\/poetomat.ch\/Wordpress\/wp-json\/wp\/v2\/comments?post=66"}],"version-history":[{"count":40,"href":"https:\/\/poetomat.ch\/Wordpress\/wp-json\/wp\/v2\/pages\/66\/revisions"}],"predecessor-version":[{"id":869,"href":"https:\/\/poetomat.ch\/Wordpress\/wp-json\/wp\/v2\/pages\/66\/revisions\/869"}],"wp:attachment":[{"href":"https:\/\/poetomat.ch\/Wordpress\/wp-json\/wp\/v2\/media?parent=66"}],"curies":[{"name":"wp","href":"https:\/\/api.w.org\/{rel}","templated":true}]}}