{"id":308,"date":"2015-03-06T10:43:28","date_gmt":"2015-03-06T09:43:28","guid":{"rendered":"http:\/\/poetomat.ch\/Wordpress\/?page_id=308"},"modified":"2016-01-25T14:17:46","modified_gmt":"2016-01-25T12:17:46","slug":"tanz-mit-dem-tod-darf-ich-bitten","status":"publish","type":"page","link":"https:\/\/poetomat.ch\/Wordpress\/musicals-theater\/tanz-mit-dem-tod-darf-ich-bitten\/","title":{"rendered":"\u00abTanz mit dem Tod &#8211; Darf ich bitten?\u00bb (2012)"},"content":{"rendered":"<p style=\"padding-left: 30px;\"><em>Drei Liter Asche.<br \/>\nDas ist alles, was \u00fcbrig bleibt.<\/em><br \/>\n<em>Ob nun einer ein grosses Tier war<br \/>\noder ein kleines W\u00fcrstchen \u2013<br \/>\nnach 90 Minuten im Ofen sind alle gleich.<br \/>\nDrei Liter Asche.<\/em><br \/>\n<em>Mehr bleibt nicht.<\/em><\/p>\n<p>Wann haben Sie das letzte Mal an den Tod gedacht? Was glauben Sie, wann hat der Tod das letzte Mal an Sie gedacht? Wie m\u00f6chten Sie sterben? Und wann? Der Tod stellt in dieser modernen <strong>Totentanz-Collage aus Text, Musik und Tanz<\/strong> unverbl\u00fcmt ein paar unangenehme Fragen. Er kann nicht anders; es geht bei ihm eben immer gleich ans Lebendige. Der Totentanz will dazu einladen, \u00fcber unser Verh\u00e4ltnis zum Sterben nachzudenken in Zeiten von Spitzenmedizin, Anti-Ageing-Wahn und Sterbehilfe. Denn eine Antwort sind wir uns und dem Tod schuldig. Sp\u00e4testens, wenn er uns zum letzten Tanz auffordert: Darf ich bitten &#8230;?<\/p>\n<p>Ein <strong>Projekt der <a href=\"http:\/\/www.ksb-lu.ch\" target=\"_blank\">Kantonsschule Berom\u00fcnster<\/a><\/strong> in Zusammenarbeit mit dem Haus zum Dolder Berom\u00fcnster, der Stiftung Musikforschung Zentralschweiz und der Tanzcompagnie des Luzerner Theaters.<\/p>\n<p><strong>Text: <\/strong>Stephan Moser<br \/>\n<strong>Musik:<\/strong> Walter von Ah und Patrik Zosso<br \/>\n<strong>Choreografie: <\/strong>Heidi Ruckstuhl<br \/>\n<strong>Regie und Gesamtleitung:<\/strong> Paul Leisibach<\/p>\n<p><strong>Auff\u00fchrungen: <\/strong>M\u00e4rz 2012, Pfarrkirche St. Stephan Berom\u00fcnster, Theatergruppe der Kantonsschule Berom\u00fcnster<\/p>\n<p>Flyer: <a href=\"http:\/\/poetomat.ch\/Wordpress\/wp-content\/uploads\/2015\/03\/Tanz-mit-dem-Tod-Plakat.pdf\">Tanz mit dem Tod <\/a>(PDF, 934 KB)<\/p>\n<hr \/>\n<p>Aus der Totentanz-Collage entstand der Essay \u00abDie Rechnung mit dem Tode machen\u00bb, der es unter die 20 besten Beitr\u00e4ge des Essay-Wettbewerbs der Zeitung \u00abDer Bund\u00bb schaffte und 2014 publiziert wurde. Sie k\u00f6nnen den <a href=\"http:\/\/poetomat.ch\/Wordpress\/die-rechnung-mit-dem-tode-machen-ein-essay\/\">Essay online lesen<\/a> oder als PDF herunterladen. <a href=\"http:\/\/poetomat.ch\/Wordpress\/wp-content\/uploads\/2015\/03\/Essay-Die-Rechnung-mit-dem-Tode-machen.pdf\">Die Rechnung mit dem Tode machen<\/a> (PDF, 124 KB)<\/p>\n","protected":false},"excerpt":{"rendered":"<p>Drei Liter Asche. Das ist alles, was \u00fcbrig bleibt. Ob nun einer ein grosses Tier war oder ein kleines W\u00fcrstchen \u2013 nach 90 Minuten im Ofen sind alle gleich. Drei Liter Asche. Mehr bleibt nicht. Wann haben Sie das letzte Mal an den Tod gedacht? Was glauben Sie, wann hat der Tod das letzte Mal &hellip; <a href=\"https:\/\/poetomat.ch\/Wordpress\/musicals-theater\/tanz-mit-dem-tod-darf-ich-bitten\/\" class=\"more-link\"><span class=\"screen-reader-text\">\u00abTanz mit dem Tod &#8211; Darf ich bitten?\u00bb (2012)<\/span> weiterlesen<\/a><\/p>\n","protected":false},"author":2,"featured_media":0,"parent":62,"menu_order":0,"comment_status":"closed","ping_status":"closed","template":"","meta":{"jetpack_post_was_ever_published":false,"footnotes":""},"class_list":["post-308","page","type-page","status-publish","hentry"],"yoast_head":"<!-- This site is optimized with the Yoast SEO plugin v27.4 - https:\/\/yoast.com\/product\/yoast-seo-wordpress\/ -->\n<title>\u00abTanz mit dem Tod - Darf ich bitten?\u00bb (2012) - Stephan Moser \u2013 Journalist BR, Kolumnist (Freiburger Nachrichten &amp; Askforce), Autor<\/title>\n<meta name=\"robots\" content=\"index, follow, max-snippet:-1, max-image-preview:large, max-video-preview:-1\" \/>\n<link rel=\"canonical\" href=\"https:\/\/poetomat.ch\/Wordpress\/musicals-theater\/tanz-mit-dem-tod-darf-ich-bitten\/\" \/>\n<meta property=\"og:locale\" content=\"de_DE\" \/>\n<meta property=\"og:type\" content=\"article\" \/>\n<meta property=\"og:title\" content=\"\u00abTanz mit dem Tod - Darf ich bitten?\u00bb (2012) - Stephan Moser \u2013 Journalist BR, Kolumnist (Freiburger Nachrichten &amp; Askforce), Autor\" \/>\n<meta property=\"og:description\" content=\"Drei Liter Asche. Das ist alles, was \u00fcbrig bleibt. Ob nun einer ein grosses Tier war oder ein kleines W\u00fcrstchen \u2013 nach 90 Minuten im Ofen sind alle gleich. Drei Liter Asche. Mehr bleibt nicht. Wann haben Sie das letzte Mal an den Tod gedacht? Was glauben Sie, wann hat der Tod das letzte Mal &hellip; \u00abTanz mit dem Tod &#8211; Darf ich bitten?\u00bb (2012) weiterlesen\" \/>\n<meta property=\"og:url\" content=\"https:\/\/poetomat.ch\/Wordpress\/musicals-theater\/tanz-mit-dem-tod-darf-ich-bitten\/\" \/>\n<meta property=\"og:site_name\" content=\"Stephan Moser \u2013 Journalist BR, Kolumnist (Freiburger Nachrichten &amp; Askforce), Autor\" \/>\n<meta property=\"article:modified_time\" content=\"2016-01-25T12:17:46+00:00\" \/>\n<meta name=\"twitter:label1\" content=\"Gesch\u00e4tzte Lesezeit\" \/>\n\t<meta name=\"twitter:data1\" content=\"1\u00a0Minute\" \/>\n<script type=\"application\/ld+json\" class=\"yoast-schema-graph\">{\"@context\":\"https:\\\/\\\/schema.org\",\"@graph\":[{\"@type\":\"WebPage\",\"@id\":\"https:\\\/\\\/poetomat.ch\\\/Wordpress\\\/musicals-theater\\\/tanz-mit-dem-tod-darf-ich-bitten\\\/\",\"url\":\"https:\\\/\\\/poetomat.ch\\\/Wordpress\\\/musicals-theater\\\/tanz-mit-dem-tod-darf-ich-bitten\\\/\",\"name\":\"\u00abTanz mit dem Tod - Darf ich bitten?\u00bb (2012) - Stephan Moser \u2013 Journalist BR, Kolumnist (Freiburger Nachrichten &amp; Askforce), Autor\",\"isPartOf\":{\"@id\":\"https:\\\/\\\/poetomat.ch\\\/Wordpress\\\/#website\"},\"datePublished\":\"2015-03-06T09:43:28+00:00\",\"dateModified\":\"2016-01-25T12:17:46+00:00\",\"breadcrumb\":{\"@id\":\"https:\\\/\\\/poetomat.ch\\\/Wordpress\\\/musicals-theater\\\/tanz-mit-dem-tod-darf-ich-bitten\\\/#breadcrumb\"},\"inLanguage\":\"de\",\"potentialAction\":[{\"@type\":\"ReadAction\",\"target\":[\"https:\\\/\\\/poetomat.ch\\\/Wordpress\\\/musicals-theater\\\/tanz-mit-dem-tod-darf-ich-bitten\\\/\"]}]},{\"@type\":\"BreadcrumbList\",\"@id\":\"https:\\\/\\\/poetomat.ch\\\/Wordpress\\\/musicals-theater\\\/tanz-mit-dem-tod-darf-ich-bitten\\\/#breadcrumb\",\"itemListElement\":[{\"@type\":\"ListItem\",\"position\":1,\"name\":\"Startseite\",\"item\":\"https:\\\/\\\/poetomat.ch\\\/Wordpress\\\/\"},{\"@type\":\"ListItem\",\"position\":2,\"name\":\"Musicals &#038; Theater\",\"item\":\"https:\\\/\\\/poetomat.ch\\\/Wordpress\\\/musicals-theater\\\/\"},{\"@type\":\"ListItem\",\"position\":3,\"name\":\"\u00abTanz mit dem Tod &#8211; Darf ich bitten?\u00bb (2012)\"}]},{\"@type\":\"WebSite\",\"@id\":\"https:\\\/\\\/poetomat.ch\\\/Wordpress\\\/#website\",\"url\":\"https:\\\/\\\/poetomat.ch\\\/Wordpress\\\/\",\"name\":\"Stephan Moser \u2013 Journalist BR, Kolumnist (Freiburger Nachrichten &amp; Askforce), Autor\",\"description\":\"Ich bin Journalist, Historiker und Autor. Ich schreibe Kolumnen f\u00fcr die \u00abFreiburger Nachrichten\u00bb und die \u00abAskforce\u00bb. Ich habe f\u00fcr die Musical- und Theaterb\u00fchne geschrieben und arbeite an der Vertonung des Dudens.\",\"potentialAction\":[{\"@type\":\"SearchAction\",\"target\":{\"@type\":\"EntryPoint\",\"urlTemplate\":\"https:\\\/\\\/poetomat.ch\\\/Wordpress\\\/?s={search_term_string}\"},\"query-input\":{\"@type\":\"PropertyValueSpecification\",\"valueRequired\":true,\"valueName\":\"search_term_string\"}}],\"inLanguage\":\"de\"}]}<\/script>\n<!-- \/ Yoast SEO plugin. -->","yoast_head_json":{"title":"\u00abTanz mit dem Tod - Darf ich bitten?\u00bb (2012) - Stephan Moser \u2013 Journalist BR, Kolumnist (Freiburger Nachrichten &amp; Askforce), Autor","robots":{"index":"index","follow":"follow","max-snippet":"max-snippet:-1","max-image-preview":"max-image-preview:large","max-video-preview":"max-video-preview:-1"},"canonical":"https:\/\/poetomat.ch\/Wordpress\/musicals-theater\/tanz-mit-dem-tod-darf-ich-bitten\/","og_locale":"de_DE","og_type":"article","og_title":"\u00abTanz mit dem Tod - Darf ich bitten?\u00bb (2012) - Stephan Moser \u2013 Journalist BR, Kolumnist (Freiburger Nachrichten &amp; Askforce), Autor","og_description":"Drei Liter Asche. Das ist alles, was \u00fcbrig bleibt. Ob nun einer ein grosses Tier war oder ein kleines W\u00fcrstchen \u2013 nach 90 Minuten im Ofen sind alle gleich. Drei Liter Asche. Mehr bleibt nicht. Wann haben Sie das letzte Mal an den Tod gedacht? Was glauben Sie, wann hat der Tod das letzte Mal &hellip; \u00abTanz mit dem Tod &#8211; Darf ich bitten?\u00bb (2012) weiterlesen","og_url":"https:\/\/poetomat.ch\/Wordpress\/musicals-theater\/tanz-mit-dem-tod-darf-ich-bitten\/","og_site_name":"Stephan Moser \u2013 Journalist BR, Kolumnist (Freiburger Nachrichten &amp; Askforce), Autor","article_modified_time":"2016-01-25T12:17:46+00:00","twitter_misc":{"Gesch\u00e4tzte Lesezeit":"1\u00a0Minute"},"schema":{"@context":"https:\/\/schema.org","@graph":[{"@type":"WebPage","@id":"https:\/\/poetomat.ch\/Wordpress\/musicals-theater\/tanz-mit-dem-tod-darf-ich-bitten\/","url":"https:\/\/poetomat.ch\/Wordpress\/musicals-theater\/tanz-mit-dem-tod-darf-ich-bitten\/","name":"\u00abTanz mit dem Tod - Darf ich bitten?\u00bb (2012) - Stephan Moser \u2013 Journalist BR, Kolumnist (Freiburger Nachrichten &amp; Askforce), Autor","isPartOf":{"@id":"https:\/\/poetomat.ch\/Wordpress\/#website"},"datePublished":"2015-03-06T09:43:28+00:00","dateModified":"2016-01-25T12:17:46+00:00","breadcrumb":{"@id":"https:\/\/poetomat.ch\/Wordpress\/musicals-theater\/tanz-mit-dem-tod-darf-ich-bitten\/#breadcrumb"},"inLanguage":"de","potentialAction":[{"@type":"ReadAction","target":["https:\/\/poetomat.ch\/Wordpress\/musicals-theater\/tanz-mit-dem-tod-darf-ich-bitten\/"]}]},{"@type":"BreadcrumbList","@id":"https:\/\/poetomat.ch\/Wordpress\/musicals-theater\/tanz-mit-dem-tod-darf-ich-bitten\/#breadcrumb","itemListElement":[{"@type":"ListItem","position":1,"name":"Startseite","item":"https:\/\/poetomat.ch\/Wordpress\/"},{"@type":"ListItem","position":2,"name":"Musicals &#038; Theater","item":"https:\/\/poetomat.ch\/Wordpress\/musicals-theater\/"},{"@type":"ListItem","position":3,"name":"\u00abTanz mit dem Tod &#8211; Darf ich bitten?\u00bb (2012)"}]},{"@type":"WebSite","@id":"https:\/\/poetomat.ch\/Wordpress\/#website","url":"https:\/\/poetomat.ch\/Wordpress\/","name":"Stephan Moser \u2013 Journalist BR, Kolumnist (Freiburger Nachrichten &amp; Askforce), Autor","description":"Ich bin Journalist, Historiker und Autor. Ich schreibe Kolumnen f\u00fcr die \u00abFreiburger Nachrichten\u00bb und die \u00abAskforce\u00bb. Ich habe f\u00fcr die Musical- und Theaterb\u00fchne geschrieben und arbeite an der Vertonung des Dudens.","potentialAction":[{"@type":"SearchAction","target":{"@type":"EntryPoint","urlTemplate":"https:\/\/poetomat.ch\/Wordpress\/?s={search_term_string}"},"query-input":{"@type":"PropertyValueSpecification","valueRequired":true,"valueName":"search_term_string"}}],"inLanguage":"de"}]}},"jetpack_sharing_enabled":true,"jetpack_shortlink":"https:\/\/wp.me\/P5IsBv-4Y","_links":{"self":[{"href":"https:\/\/poetomat.ch\/Wordpress\/wp-json\/wp\/v2\/pages\/308","targetHints":{"allow":["GET"]}}],"collection":[{"href":"https:\/\/poetomat.ch\/Wordpress\/wp-json\/wp\/v2\/pages"}],"about":[{"href":"https:\/\/poetomat.ch\/Wordpress\/wp-json\/wp\/v2\/types\/page"}],"author":[{"embeddable":true,"href":"https:\/\/poetomat.ch\/Wordpress\/wp-json\/wp\/v2\/users\/2"}],"replies":[{"embeddable":true,"href":"https:\/\/poetomat.ch\/Wordpress\/wp-json\/wp\/v2\/comments?post=308"}],"version-history":[{"count":10,"href":"https:\/\/poetomat.ch\/Wordpress\/wp-json\/wp\/v2\/pages\/308\/revisions"}],"predecessor-version":[{"id":505,"href":"https:\/\/poetomat.ch\/Wordpress\/wp-json\/wp\/v2\/pages\/308\/revisions\/505"}],"up":[{"embeddable":true,"href":"https:\/\/poetomat.ch\/Wordpress\/wp-json\/wp\/v2\/pages\/62"}],"wp:attachment":[{"href":"https:\/\/poetomat.ch\/Wordpress\/wp-json\/wp\/v2\/media?parent=308"}],"curies":[{"name":"wp","href":"https:\/\/api.w.org\/{rel}","templated":true}]}}