{"id":213,"date":"2015-02-06T09:25:45","date_gmt":"2015-02-06T09:25:45","guid":{"rendered":"http:\/\/poetomat.ch\/Wordpress\/?page_id=213"},"modified":"2026-03-17T15:19:10","modified_gmt":"2026-03-17T14:19:10","slug":"kontakt","status":"publish","type":"page","link":"https:\/\/poetomat.ch\/Wordpress\/kontakt\/","title":{"rendered":"So erreichen Sie mich"},"content":{"rendered":"\n<figure class=\"wp-block-image size-large\"><a href=\"https:\/\/poetomat.ch\/Wordpress\/wp-content\/uploads\/2019\/05\/20190522_151448-e1558958656894.jpg\"><img loading=\"lazy\" decoding=\"async\" width=\"784\" height=\"1024\" src=\"https:\/\/poetomat.ch\/Wordpress\/wp-content\/uploads\/2019\/05\/20190522_151448-e1558958656894-784x1024.jpg\" alt=\"\" class=\"wp-image-1055\" srcset=\"https:\/\/poetomat.ch\/Wordpress\/wp-content\/uploads\/2019\/05\/20190522_151448-e1558958656894-784x1024.jpg 784w, https:\/\/poetomat.ch\/Wordpress\/wp-content\/uploads\/2019\/05\/20190522_151448-e1558958656894-230x300.jpg 230w, https:\/\/poetomat.ch\/Wordpress\/wp-content\/uploads\/2019\/05\/20190522_151448-e1558958656894-768x1003.jpg 768w, https:\/\/poetomat.ch\/Wordpress\/wp-content\/uploads\/2019\/05\/20190522_151448-e1558958656894.jpg 1494w\" sizes=\"auto, (max-width: 784px) 100vw, 784px\" \/><\/a><figcaption class=\"wp-element-caption\"><em>F\u00fcr gute Geschichten gebe ich alles: Voller K\u00f6rpereinsatz am 2. Schweizer Vorlesetag in der Bibliothek W\u00fcnnewil, 22. Mai 2019. <\/em><\/figcaption><\/figure>\n\n\n\n<p>Stephan Moser \u00b7 Birchacherstrasse 39 \u00b7 3184 W\u00fcnnewil<br>026 424 00 01 \u00b7 079 853 59 94 \u00b7 stephanmoser@poetomat.ch<\/p>\n\n\n\n<p>\u00dcbrigens: Gerne lese ich Ihnen meine Kolumnen auch pers\u00f6nlich vor. Als abendf\u00fcllende <strong>Lesung<\/strong> in Ihrer Bibliothek. Als Appetitanreger an Ihrem Firmenanlass. Als Dessert an Ihrer GV. Oder bei einer Wohnzimmerlesung bei Ihnen zuhause.<\/p>\n\n\n\n<p>Ich freue mich, von Ihnen zu h\u00f6ren.<\/p>\n\n\n<div class=\"wp-block-image wp-image-1054 size-full\">\n<figure class=\"alignleft\"><img loading=\"lazy\" decoding=\"async\" width=\"960\" height=\"640\" src=\"http:\/\/poetomat.ch\/Wordpress\/wp-content\/uploads\/2019\/05\/schweizertafel.jpg\" alt=\"\" class=\"wp-image-1054\" srcset=\"https:\/\/poetomat.ch\/Wordpress\/wp-content\/uploads\/2019\/05\/schweizertafel.jpg 960w, https:\/\/poetomat.ch\/Wordpress\/wp-content\/uploads\/2019\/05\/schweizertafel-300x200.jpg 300w, https:\/\/poetomat.ch\/Wordpress\/wp-content\/uploads\/2019\/05\/schweizertafel-768x512.jpg 768w\" sizes=\"auto, (max-width: 960px) 100vw, 960px\" \/><figcaption class=\"wp-element-caption\">Benefiz-Lesung bei der Schweizer Tafel in Flamatt am \u00abTag der Guten Tag\u00bb vom 25. Mai 2019.<\/figcaption><\/figure>\n<\/div>\n\n\n<p><\/p>\n\n\n\n<p class=\"has-large-font-size\"><strong>Meine n\u00e4chsten Auftritte<\/strong><\/p>\n\n\n\n<ul class=\"wp-block-list\">\n<li>21. M\u00e4rz 2026: Seisler Literaturtr\u00e4ff, Tafers, 17\u201321 Uhr, ich lese um 18 und 20 Uhr<\/li>\n<\/ul>\n","protected":false},"excerpt":{"rendered":"<p>Stephan Moser \u00b7 Birchacherstrasse 39 \u00b7 3184 W\u00fcnnewil026 424 00 01 \u00b7 079 853 59 94 \u00b7 stephanmoser@poetomat.ch \u00dcbrigens: Gerne lese ich Ihnen meine Kolumnen auch pers\u00f6nlich vor. Als abendf\u00fcllende Lesung in Ihrer Bibliothek. Als Appetitanreger an Ihrem Firmenanlass. Als Dessert an Ihrer GV. Oder bei einer Wohnzimmerlesung bei Ihnen zuhause. Ich freue mich, von &hellip; <a href=\"https:\/\/poetomat.ch\/Wordpress\/kontakt\/\" class=\"more-link\"><span class=\"screen-reader-text\">So erreichen Sie mich<\/span> weiterlesen<\/a><\/p>\n","protected":false},"author":2,"featured_media":0,"parent":0,"menu_order":0,"comment_status":"closed","ping_status":"closed","template":"","meta":{"jetpack_post_was_ever_published":false,"footnotes":""},"class_list":["post-213","page","type-page","status-publish","hentry"],"yoast_head":"<!-- This site is optimized with the Yoast SEO plugin v27.4 - https:\/\/yoast.com\/product\/yoast-seo-wordpress\/ -->\n<title>So erreichen Sie mich - Stephan Moser \u2013 Journalist BR, Kolumnist (Freiburger Nachrichten &amp; Askforce), Autor<\/title>\n<meta name=\"robots\" content=\"index, follow, max-snippet:-1, max-image-preview:large, max-video-preview:-1\" \/>\n<link rel=\"canonical\" href=\"https:\/\/poetomat.ch\/Wordpress\/kontakt\/\" \/>\n<meta property=\"og:locale\" content=\"de_DE\" \/>\n<meta property=\"og:type\" content=\"article\" \/>\n<meta property=\"og:title\" content=\"So erreichen Sie mich - Stephan Moser \u2013 Journalist BR, Kolumnist (Freiburger Nachrichten &amp; Askforce), Autor\" \/>\n<meta property=\"og:description\" content=\"Stephan Moser \u00b7 Birchacherstrasse 39 \u00b7 3184 W\u00fcnnewil026 424 00 01 \u00b7 079 853 59 94 \u00b7 stephanmoser@poetomat.ch \u00dcbrigens: Gerne lese ich Ihnen meine Kolumnen auch pers\u00f6nlich vor. Als abendf\u00fcllende Lesung in Ihrer Bibliothek. Als Appetitanreger an Ihrem Firmenanlass. Als Dessert an Ihrer GV. Oder bei einer Wohnzimmerlesung bei Ihnen zuhause. Ich freue mich, von &hellip; So erreichen Sie mich weiterlesen\" \/>\n<meta property=\"og:url\" content=\"https:\/\/poetomat.ch\/Wordpress\/kontakt\/\" \/>\n<meta property=\"og:site_name\" content=\"Stephan Moser \u2013 Journalist BR, Kolumnist (Freiburger Nachrichten &amp; Askforce), Autor\" \/>\n<meta property=\"article:modified_time\" content=\"2026-03-17T14:19:10+00:00\" \/>\n<meta property=\"og:image\" content=\"https:\/\/poetomat.ch\/Wordpress\/wp-content\/uploads\/2019\/05\/20190522_151448-e1558958656894.jpg\" \/>\n\t<meta property=\"og:image:width\" content=\"1494\" \/>\n\t<meta property=\"og:image:height\" content=\"1952\" \/>\n\t<meta property=\"og:image:type\" content=\"image\/jpeg\" \/>\n<meta name=\"twitter:label1\" content=\"Gesch\u00e4tzte Lesezeit\" \/>\n\t<meta name=\"twitter:data1\" content=\"2\u00a0Minuten\" \/>\n<script type=\"application\/ld+json\" class=\"yoast-schema-graph\">{\"@context\":\"https:\\\/\\\/schema.org\",\"@graph\":[{\"@type\":\"WebPage\",\"@id\":\"https:\\\/\\\/poetomat.ch\\\/Wordpress\\\/kontakt\\\/\",\"url\":\"https:\\\/\\\/poetomat.ch\\\/Wordpress\\\/kontakt\\\/\",\"name\":\"So erreichen Sie mich - Stephan Moser \u2013 Journalist BR, Kolumnist (Freiburger Nachrichten &amp; Askforce), Autor\",\"isPartOf\":{\"@id\":\"https:\\\/\\\/poetomat.ch\\\/Wordpress\\\/#website\"},\"primaryImageOfPage\":{\"@id\":\"https:\\\/\\\/poetomat.ch\\\/Wordpress\\\/kontakt\\\/#primaryimage\"},\"image\":{\"@id\":\"https:\\\/\\\/poetomat.ch\\\/Wordpress\\\/kontakt\\\/#primaryimage\"},\"thumbnailUrl\":\"https:\\\/\\\/poetomat.ch\\\/Wordpress\\\/wp-content\\\/uploads\\\/2019\\\/05\\\/20190522_151448-e1558958656894-784x1024.jpg\",\"datePublished\":\"2015-02-06T09:25:45+00:00\",\"dateModified\":\"2026-03-17T14:19:10+00:00\",\"breadcrumb\":{\"@id\":\"https:\\\/\\\/poetomat.ch\\\/Wordpress\\\/kontakt\\\/#breadcrumb\"},\"inLanguage\":\"de\",\"potentialAction\":[{\"@type\":\"ReadAction\",\"target\":[\"https:\\\/\\\/poetomat.ch\\\/Wordpress\\\/kontakt\\\/\"]}]},{\"@type\":\"ImageObject\",\"inLanguage\":\"de\",\"@id\":\"https:\\\/\\\/poetomat.ch\\\/Wordpress\\\/kontakt\\\/#primaryimage\",\"url\":\"https:\\\/\\\/poetomat.ch\\\/Wordpress\\\/wp-content\\\/uploads\\\/2019\\\/05\\\/20190522_151448-e1558958656894.jpg\",\"contentUrl\":\"https:\\\/\\\/poetomat.ch\\\/Wordpress\\\/wp-content\\\/uploads\\\/2019\\\/05\\\/20190522_151448-e1558958656894.jpg\",\"width\":1494,\"height\":1952,\"caption\":\"F\u00fcr gute Geschichten gebe ich alles: Voller K\u00f6rpereinsatz am 2. Schweizer Vorlesetag in der Bibliothek W\u00fcnnewil, 22. Mai 2019.\"},{\"@type\":\"BreadcrumbList\",\"@id\":\"https:\\\/\\\/poetomat.ch\\\/Wordpress\\\/kontakt\\\/#breadcrumb\",\"itemListElement\":[{\"@type\":\"ListItem\",\"position\":1,\"name\":\"Startseite\",\"item\":\"https:\\\/\\\/poetomat.ch\\\/Wordpress\\\/\"},{\"@type\":\"ListItem\",\"position\":2,\"name\":\"So erreichen Sie mich\"}]},{\"@type\":\"WebSite\",\"@id\":\"https:\\\/\\\/poetomat.ch\\\/Wordpress\\\/#website\",\"url\":\"https:\\\/\\\/poetomat.ch\\\/Wordpress\\\/\",\"name\":\"Stephan Moser \u2013 Journalist BR, Kolumnist (Freiburger Nachrichten &amp; Askforce), Autor\",\"description\":\"Ich bin Journalist, Historiker und Autor. Ich schreibe Kolumnen f\u00fcr die \u00abFreiburger Nachrichten\u00bb und die \u00abAskforce\u00bb. Ich habe f\u00fcr die Musical- und Theaterb\u00fchne geschrieben und arbeite an der Vertonung des Dudens.\",\"potentialAction\":[{\"@type\":\"SearchAction\",\"target\":{\"@type\":\"EntryPoint\",\"urlTemplate\":\"https:\\\/\\\/poetomat.ch\\\/Wordpress\\\/?s={search_term_string}\"},\"query-input\":{\"@type\":\"PropertyValueSpecification\",\"valueRequired\":true,\"valueName\":\"search_term_string\"}}],\"inLanguage\":\"de\"}]}<\/script>\n<!-- \/ Yoast SEO plugin. -->","yoast_head_json":{"title":"So erreichen Sie mich - Stephan Moser \u2013 Journalist BR, Kolumnist (Freiburger Nachrichten &amp; Askforce), Autor","robots":{"index":"index","follow":"follow","max-snippet":"max-snippet:-1","max-image-preview":"max-image-preview:large","max-video-preview":"max-video-preview:-1"},"canonical":"https:\/\/poetomat.ch\/Wordpress\/kontakt\/","og_locale":"de_DE","og_type":"article","og_title":"So erreichen Sie mich - Stephan Moser \u2013 Journalist BR, Kolumnist (Freiburger Nachrichten &amp; Askforce), Autor","og_description":"Stephan Moser \u00b7 Birchacherstrasse 39 \u00b7 3184 W\u00fcnnewil026 424 00 01 \u00b7 079 853 59 94 \u00b7 stephanmoser@poetomat.ch \u00dcbrigens: Gerne lese ich Ihnen meine Kolumnen auch pers\u00f6nlich vor. Als abendf\u00fcllende Lesung in Ihrer Bibliothek. Als Appetitanreger an Ihrem Firmenanlass. Als Dessert an Ihrer GV. Oder bei einer Wohnzimmerlesung bei Ihnen zuhause. Ich freue mich, von &hellip; So erreichen Sie mich weiterlesen","og_url":"https:\/\/poetomat.ch\/Wordpress\/kontakt\/","og_site_name":"Stephan Moser \u2013 Journalist BR, Kolumnist (Freiburger Nachrichten &amp; Askforce), Autor","article_modified_time":"2026-03-17T14:19:10+00:00","og_image":[{"width":1494,"height":1952,"url":"https:\/\/poetomat.ch\/Wordpress\/wp-content\/uploads\/2019\/05\/20190522_151448-e1558958656894.jpg","type":"image\/jpeg"}],"twitter_misc":{"Gesch\u00e4tzte Lesezeit":"2\u00a0Minuten"},"schema":{"@context":"https:\/\/schema.org","@graph":[{"@type":"WebPage","@id":"https:\/\/poetomat.ch\/Wordpress\/kontakt\/","url":"https:\/\/poetomat.ch\/Wordpress\/kontakt\/","name":"So erreichen Sie mich - Stephan Moser \u2013 Journalist BR, Kolumnist (Freiburger Nachrichten &amp; Askforce), Autor","isPartOf":{"@id":"https:\/\/poetomat.ch\/Wordpress\/#website"},"primaryImageOfPage":{"@id":"https:\/\/poetomat.ch\/Wordpress\/kontakt\/#primaryimage"},"image":{"@id":"https:\/\/poetomat.ch\/Wordpress\/kontakt\/#primaryimage"},"thumbnailUrl":"https:\/\/poetomat.ch\/Wordpress\/wp-content\/uploads\/2019\/05\/20190522_151448-e1558958656894-784x1024.jpg","datePublished":"2015-02-06T09:25:45+00:00","dateModified":"2026-03-17T14:19:10+00:00","breadcrumb":{"@id":"https:\/\/poetomat.ch\/Wordpress\/kontakt\/#breadcrumb"},"inLanguage":"de","potentialAction":[{"@type":"ReadAction","target":["https:\/\/poetomat.ch\/Wordpress\/kontakt\/"]}]},{"@type":"ImageObject","inLanguage":"de","@id":"https:\/\/poetomat.ch\/Wordpress\/kontakt\/#primaryimage","url":"https:\/\/poetomat.ch\/Wordpress\/wp-content\/uploads\/2019\/05\/20190522_151448-e1558958656894.jpg","contentUrl":"https:\/\/poetomat.ch\/Wordpress\/wp-content\/uploads\/2019\/05\/20190522_151448-e1558958656894.jpg","width":1494,"height":1952,"caption":"F\u00fcr gute Geschichten gebe ich alles: Voller K\u00f6rpereinsatz am 2. Schweizer Vorlesetag in der Bibliothek W\u00fcnnewil, 22. Mai 2019."},{"@type":"BreadcrumbList","@id":"https:\/\/poetomat.ch\/Wordpress\/kontakt\/#breadcrumb","itemListElement":[{"@type":"ListItem","position":1,"name":"Startseite","item":"https:\/\/poetomat.ch\/Wordpress\/"},{"@type":"ListItem","position":2,"name":"So erreichen Sie mich"}]},{"@type":"WebSite","@id":"https:\/\/poetomat.ch\/Wordpress\/#website","url":"https:\/\/poetomat.ch\/Wordpress\/","name":"Stephan Moser \u2013 Journalist BR, Kolumnist (Freiburger Nachrichten &amp; Askforce), Autor","description":"Ich bin Journalist, Historiker und Autor. Ich schreibe Kolumnen f\u00fcr die \u00abFreiburger Nachrichten\u00bb und die \u00abAskforce\u00bb. Ich habe f\u00fcr die Musical- und Theaterb\u00fchne geschrieben und arbeite an der Vertonung des Dudens.","potentialAction":[{"@type":"SearchAction","target":{"@type":"EntryPoint","urlTemplate":"https:\/\/poetomat.ch\/Wordpress\/?s={search_term_string}"},"query-input":{"@type":"PropertyValueSpecification","valueRequired":true,"valueName":"search_term_string"}}],"inLanguage":"de"}]}},"jetpack_sharing_enabled":true,"jetpack_shortlink":"https:\/\/wp.me\/P5IsBv-3r","_links":{"self":[{"href":"https:\/\/poetomat.ch\/Wordpress\/wp-json\/wp\/v2\/pages\/213","targetHints":{"allow":["GET"]}}],"collection":[{"href":"https:\/\/poetomat.ch\/Wordpress\/wp-json\/wp\/v2\/pages"}],"about":[{"href":"https:\/\/poetomat.ch\/Wordpress\/wp-json\/wp\/v2\/types\/page"}],"author":[{"embeddable":true,"href":"https:\/\/poetomat.ch\/Wordpress\/wp-json\/wp\/v2\/users\/2"}],"replies":[{"embeddable":true,"href":"https:\/\/poetomat.ch\/Wordpress\/wp-json\/wp\/v2\/comments?post=213"}],"version-history":[{"count":21,"href":"https:\/\/poetomat.ch\/Wordpress\/wp-json\/wp\/v2\/pages\/213\/revisions"}],"predecessor-version":[{"id":1754,"href":"https:\/\/poetomat.ch\/Wordpress\/wp-json\/wp\/v2\/pages\/213\/revisions\/1754"}],"wp:attachment":[{"href":"https:\/\/poetomat.ch\/Wordpress\/wp-json\/wp\/v2\/media?parent=213"}],"curies":[{"name":"wp","href":"https:\/\/api.w.org\/{rel}","templated":true}]}}