{"id":1395,"date":"2023-09-25T11:34:59","date_gmt":"2023-09-25T09:34:59","guid":{"rendered":"https:\/\/poetomat.ch\/Wordpress\/?page_id=1395"},"modified":"2023-09-25T11:35:01","modified_gmt":"2023-09-25T09:35:01","slug":"eins-zu-muell-fuer-aebischer-das-zweite-kolumnenbuch","status":"publish","type":"page","link":"https:\/\/poetomat.ch\/Wordpress\/eins-zu-muell-fuer-aebischer-das-zweite-kolumnenbuch\/","title":{"rendered":"\u00abEins zu M\u00fcll f\u00fcr Aebischer\u00bb &#8211; das zweite Kolumnenbuch"},"content":{"rendered":"\n<p>174 \u00ab\u00dcbrigens\u00bb habe ich in den letzten Jahren f\u00fcr die \u00abFreiburger Nachrichten\u00bb geschrieben. 60 meiner liebsten davon sind jetzt als Buch erschienen. \u00abEins zu M\u00fcll f\u00fcr Aebischer\u00bb ist nach <a href=\"https:\/\/poetomat.ch\/Wordpress\/flou-flou-fuer-den-weltfrieden-das-kolumnenbuch\/\">\u00abFlou-Flou f\u00fcr den Weltfrieden\u00bb<\/a> meine zweite Kolumnensammlung.<\/p>\n\n\n\n<p>Sie k\u00f6nnen das Buch <strong>\u00ab<\/strong>Eins zu M\u00fcll f\u00fcr Aebsicher<strong>\u00bb<\/strong> per Mail bei mir bestellen (stephanmoser@poetomat.ch) oder bei den <a href=\"https:\/\/www.freiburger-nachrichten.ch\/leser-aktionen\/sammelband\/\" target=\"_blank\" rel=\"noreferrer noopener\">\u00abFreiburger Nachrichten<\/a><a href=\"http:\/\/freiburger-nachrichten.ch\/uebrigens-bestellung\" target=\"_blank\" rel=\"noreferrer noopener\">\u00bb<\/a>. Es kostet 22 Franken, Versand inklusive.<\/p>\n\n\n\n<p>\u00dcbrigens, von meinem ersten Kolumnenband hat es noch ein paar Restexemplare. F\u00fcr nur 10 Franken k\u00f6nnen Sie einem davon ein neues Zuhause schenken.<\/p>\n\n\n\n<p>Wie ich auf meine Ideen komme und wieso ich mir beim Schreiben immer vorstelle, ich st\u00fcnde auf einer B\u00fchne, habe ich den \u00abFreiburger Nachrichten\u00bb erz\u00e4hlt. Sie k\u00f6nnen den Artikel <a href=\"https:\/\/www.freiburger-nachrichten.ch\/stephan-moser-wie-aus-einem-waescheberg-eine-kolumne-wird\/\">hier online nachlesen<\/a> (falls Sie die FN abonniert haben). Sonst finden Sie gleich hier das PDF.<\/p>\n\n\n\n<div data-wp-interactive=\"core\/file\" class=\"wp-block-file\"><object data-wp-bind--hidden=\"!state.hasPdfPreview\" hidden class=\"wp-block-file__embed\" data=\"https:\/\/poetomat.ch\/Wordpress\/wp-content\/uploads\/2023\/09\/174_25.September2023.pdf\" type=\"application\/pdf\" style=\"width:100%;height:600px\" aria-label=\"Einbettung von FN_25.September2023.\"><\/object><a id=\"wp-block-file--media-12f842b3-228d-4060-b10c-d466f0e4499b\" href=\"https:\/\/poetomat.ch\/Wordpress\/wp-content\/uploads\/2023\/09\/174_25.September2023.pdf\">FN_25.September2023<\/a><a href=\"https:\/\/poetomat.ch\/Wordpress\/wp-content\/uploads\/2023\/09\/174_25.September2023.pdf\" class=\"wp-block-file__button wp-element-button\" download aria-describedby=\"wp-block-file--media-12f842b3-228d-4060-b10c-d466f0e4499b\">Herunterladen<\/a><\/div>\n","protected":false},"excerpt":{"rendered":"<p>174 \u00ab\u00dcbrigens\u00bb habe ich in den letzten Jahren f\u00fcr die \u00abFreiburger Nachrichten\u00bb geschrieben. 60 meiner liebsten davon sind jetzt als Buch erschienen. \u00abEins zu M\u00fcll f\u00fcr Aebischer\u00bb ist nach \u00abFlou-Flou f\u00fcr den Weltfrieden\u00bb meine zweite Kolumnensammlung. Sie k\u00f6nnen das Buch \u00abEins zu M\u00fcll f\u00fcr Aebsicher\u00bb per Mail bei mir bestellen (stephanmoser@poetomat.ch) oder bei den \u00abFreiburger &hellip; <a href=\"https:\/\/poetomat.ch\/Wordpress\/eins-zu-muell-fuer-aebischer-das-zweite-kolumnenbuch\/\" class=\"more-link\"><span class=\"screen-reader-text\">\u00abEins zu M\u00fcll f\u00fcr Aebischer\u00bb &#8211; das zweite Kolumnenbuch<\/span> weiterlesen<\/a><\/p>\n","protected":false},"author":2,"featured_media":0,"parent":0,"menu_order":0,"comment_status":"closed","ping_status":"closed","template":"","meta":{"jetpack_post_was_ever_published":false,"footnotes":""},"class_list":["post-1395","page","type-page","status-publish","hentry"],"yoast_head":"<!-- This site is optimized with the Yoast SEO plugin v27.4 - https:\/\/yoast.com\/product\/yoast-seo-wordpress\/ -->\n<title>\u00abEins zu M\u00fcll f\u00fcr Aebischer\u00bb - das zweite Kolumnenbuch - Stephan Moser \u2013 Journalist BR, Kolumnist (Freiburger Nachrichten &amp; Askforce), Autor<\/title>\n<meta name=\"robots\" content=\"index, follow, max-snippet:-1, max-image-preview:large, max-video-preview:-1\" \/>\n<link rel=\"canonical\" href=\"https:\/\/poetomat.ch\/Wordpress\/eins-zu-muell-fuer-aebischer-das-zweite-kolumnenbuch\/\" \/>\n<meta property=\"og:locale\" content=\"de_DE\" \/>\n<meta property=\"og:type\" content=\"article\" \/>\n<meta property=\"og:title\" content=\"\u00abEins zu M\u00fcll f\u00fcr Aebischer\u00bb - das zweite Kolumnenbuch - Stephan Moser \u2013 Journalist BR, Kolumnist (Freiburger Nachrichten &amp; Askforce), Autor\" \/>\n<meta property=\"og:description\" content=\"174 \u00ab\u00dcbrigens\u00bb habe ich in den letzten Jahren f\u00fcr die \u00abFreiburger Nachrichten\u00bb geschrieben. 60 meiner liebsten davon sind jetzt als Buch erschienen. \u00abEins zu M\u00fcll f\u00fcr Aebischer\u00bb ist nach \u00abFlou-Flou f\u00fcr den Weltfrieden\u00bb meine zweite Kolumnensammlung. Sie k\u00f6nnen das Buch \u00abEins zu M\u00fcll f\u00fcr Aebsicher\u00bb per Mail bei mir bestellen (stephanmoser@poetomat.ch) oder bei den \u00abFreiburger &hellip; \u00abEins zu M\u00fcll f\u00fcr Aebischer\u00bb &#8211; das zweite Kolumnenbuch weiterlesen\" \/>\n<meta property=\"og:url\" content=\"https:\/\/poetomat.ch\/Wordpress\/eins-zu-muell-fuer-aebischer-das-zweite-kolumnenbuch\/\" \/>\n<meta property=\"og:site_name\" content=\"Stephan Moser \u2013 Journalist BR, Kolumnist (Freiburger Nachrichten &amp; Askforce), Autor\" \/>\n<meta property=\"article:modified_time\" content=\"2023-09-25T09:35:01+00:00\" \/>\n<meta name=\"twitter:label1\" content=\"Gesch\u00e4tzte Lesezeit\" \/>\n\t<meta name=\"twitter:data1\" content=\"1\u00a0Minute\" \/>\n<script type=\"application\/ld+json\" class=\"yoast-schema-graph\">{\"@context\":\"https:\\\/\\\/schema.org\",\"@graph\":[{\"@type\":\"WebPage\",\"@id\":\"https:\\\/\\\/poetomat.ch\\\/Wordpress\\\/eins-zu-muell-fuer-aebischer-das-zweite-kolumnenbuch\\\/\",\"url\":\"https:\\\/\\\/poetomat.ch\\\/Wordpress\\\/eins-zu-muell-fuer-aebischer-das-zweite-kolumnenbuch\\\/\",\"name\":\"\u00abEins zu M\u00fcll f\u00fcr Aebischer\u00bb - das zweite Kolumnenbuch - Stephan Moser \u2013 Journalist BR, Kolumnist (Freiburger Nachrichten &amp; Askforce), Autor\",\"isPartOf\":{\"@id\":\"https:\\\/\\\/poetomat.ch\\\/Wordpress\\\/#website\"},\"datePublished\":\"2023-09-25T09:34:59+00:00\",\"dateModified\":\"2023-09-25T09:35:01+00:00\",\"breadcrumb\":{\"@id\":\"https:\\\/\\\/poetomat.ch\\\/Wordpress\\\/eins-zu-muell-fuer-aebischer-das-zweite-kolumnenbuch\\\/#breadcrumb\"},\"inLanguage\":\"de\",\"potentialAction\":[{\"@type\":\"ReadAction\",\"target\":[\"https:\\\/\\\/poetomat.ch\\\/Wordpress\\\/eins-zu-muell-fuer-aebischer-das-zweite-kolumnenbuch\\\/\"]}]},{\"@type\":\"BreadcrumbList\",\"@id\":\"https:\\\/\\\/poetomat.ch\\\/Wordpress\\\/eins-zu-muell-fuer-aebischer-das-zweite-kolumnenbuch\\\/#breadcrumb\",\"itemListElement\":[{\"@type\":\"ListItem\",\"position\":1,\"name\":\"Startseite\",\"item\":\"https:\\\/\\\/poetomat.ch\\\/Wordpress\\\/\"},{\"@type\":\"ListItem\",\"position\":2,\"name\":\"\u00abEins zu M\u00fcll f\u00fcr Aebischer\u00bb &#8211; das zweite Kolumnenbuch\"}]},{\"@type\":\"WebSite\",\"@id\":\"https:\\\/\\\/poetomat.ch\\\/Wordpress\\\/#website\",\"url\":\"https:\\\/\\\/poetomat.ch\\\/Wordpress\\\/\",\"name\":\"Stephan Moser \u2013 Journalist BR, Kolumnist (Freiburger Nachrichten &amp; Askforce), Autor\",\"description\":\"Ich bin Journalist, Historiker und Autor. Ich schreibe Kolumnen f\u00fcr die \u00abFreiburger Nachrichten\u00bb und die \u00abAskforce\u00bb. Ich habe f\u00fcr die Musical- und Theaterb\u00fchne geschrieben und arbeite an der Vertonung des Dudens.\",\"potentialAction\":[{\"@type\":\"SearchAction\",\"target\":{\"@type\":\"EntryPoint\",\"urlTemplate\":\"https:\\\/\\\/poetomat.ch\\\/Wordpress\\\/?s={search_term_string}\"},\"query-input\":{\"@type\":\"PropertyValueSpecification\",\"valueRequired\":true,\"valueName\":\"search_term_string\"}}],\"inLanguage\":\"de\"}]}<\/script>\n<!-- \/ Yoast SEO plugin. -->","yoast_head_json":{"title":"\u00abEins zu M\u00fcll f\u00fcr Aebischer\u00bb - das zweite Kolumnenbuch - Stephan Moser \u2013 Journalist BR, Kolumnist (Freiburger Nachrichten &amp; Askforce), Autor","robots":{"index":"index","follow":"follow","max-snippet":"max-snippet:-1","max-image-preview":"max-image-preview:large","max-video-preview":"max-video-preview:-1"},"canonical":"https:\/\/poetomat.ch\/Wordpress\/eins-zu-muell-fuer-aebischer-das-zweite-kolumnenbuch\/","og_locale":"de_DE","og_type":"article","og_title":"\u00abEins zu M\u00fcll f\u00fcr Aebischer\u00bb - das zweite Kolumnenbuch - Stephan Moser \u2013 Journalist BR, Kolumnist (Freiburger Nachrichten &amp; Askforce), Autor","og_description":"174 \u00ab\u00dcbrigens\u00bb habe ich in den letzten Jahren f\u00fcr die \u00abFreiburger Nachrichten\u00bb geschrieben. 60 meiner liebsten davon sind jetzt als Buch erschienen. \u00abEins zu M\u00fcll f\u00fcr Aebischer\u00bb ist nach \u00abFlou-Flou f\u00fcr den Weltfrieden\u00bb meine zweite Kolumnensammlung. Sie k\u00f6nnen das Buch \u00abEins zu M\u00fcll f\u00fcr Aebsicher\u00bb per Mail bei mir bestellen (stephanmoser@poetomat.ch) oder bei den \u00abFreiburger &hellip; \u00abEins zu M\u00fcll f\u00fcr Aebischer\u00bb &#8211; das zweite Kolumnenbuch weiterlesen","og_url":"https:\/\/poetomat.ch\/Wordpress\/eins-zu-muell-fuer-aebischer-das-zweite-kolumnenbuch\/","og_site_name":"Stephan Moser \u2013 Journalist BR, Kolumnist (Freiburger Nachrichten &amp; Askforce), Autor","article_modified_time":"2023-09-25T09:35:01+00:00","twitter_misc":{"Gesch\u00e4tzte Lesezeit":"1\u00a0Minute"},"schema":{"@context":"https:\/\/schema.org","@graph":[{"@type":"WebPage","@id":"https:\/\/poetomat.ch\/Wordpress\/eins-zu-muell-fuer-aebischer-das-zweite-kolumnenbuch\/","url":"https:\/\/poetomat.ch\/Wordpress\/eins-zu-muell-fuer-aebischer-das-zweite-kolumnenbuch\/","name":"\u00abEins zu M\u00fcll f\u00fcr Aebischer\u00bb - das zweite Kolumnenbuch - Stephan Moser \u2013 Journalist BR, Kolumnist (Freiburger Nachrichten &amp; Askforce), Autor","isPartOf":{"@id":"https:\/\/poetomat.ch\/Wordpress\/#website"},"datePublished":"2023-09-25T09:34:59+00:00","dateModified":"2023-09-25T09:35:01+00:00","breadcrumb":{"@id":"https:\/\/poetomat.ch\/Wordpress\/eins-zu-muell-fuer-aebischer-das-zweite-kolumnenbuch\/#breadcrumb"},"inLanguage":"de","potentialAction":[{"@type":"ReadAction","target":["https:\/\/poetomat.ch\/Wordpress\/eins-zu-muell-fuer-aebischer-das-zweite-kolumnenbuch\/"]}]},{"@type":"BreadcrumbList","@id":"https:\/\/poetomat.ch\/Wordpress\/eins-zu-muell-fuer-aebischer-das-zweite-kolumnenbuch\/#breadcrumb","itemListElement":[{"@type":"ListItem","position":1,"name":"Startseite","item":"https:\/\/poetomat.ch\/Wordpress\/"},{"@type":"ListItem","position":2,"name":"\u00abEins zu M\u00fcll f\u00fcr Aebischer\u00bb &#8211; das zweite Kolumnenbuch"}]},{"@type":"WebSite","@id":"https:\/\/poetomat.ch\/Wordpress\/#website","url":"https:\/\/poetomat.ch\/Wordpress\/","name":"Stephan Moser \u2013 Journalist BR, Kolumnist (Freiburger Nachrichten &amp; Askforce), Autor","description":"Ich bin Journalist, Historiker und Autor. Ich schreibe Kolumnen f\u00fcr die \u00abFreiburger Nachrichten\u00bb und die \u00abAskforce\u00bb. Ich habe f\u00fcr die Musical- und Theaterb\u00fchne geschrieben und arbeite an der Vertonung des Dudens.","potentialAction":[{"@type":"SearchAction","target":{"@type":"EntryPoint","urlTemplate":"https:\/\/poetomat.ch\/Wordpress\/?s={search_term_string}"},"query-input":{"@type":"PropertyValueSpecification","valueRequired":true,"valueName":"search_term_string"}}],"inLanguage":"de"}]}},"jetpack_sharing_enabled":true,"jetpack_shortlink":"https:\/\/wp.me\/P5IsBv-mv","_links":{"self":[{"href":"https:\/\/poetomat.ch\/Wordpress\/wp-json\/wp\/v2\/pages\/1395","targetHints":{"allow":["GET"]}}],"collection":[{"href":"https:\/\/poetomat.ch\/Wordpress\/wp-json\/wp\/v2\/pages"}],"about":[{"href":"https:\/\/poetomat.ch\/Wordpress\/wp-json\/wp\/v2\/types\/page"}],"author":[{"embeddable":true,"href":"https:\/\/poetomat.ch\/Wordpress\/wp-json\/wp\/v2\/users\/2"}],"replies":[{"embeddable":true,"href":"https:\/\/poetomat.ch\/Wordpress\/wp-json\/wp\/v2\/comments?post=1395"}],"version-history":[{"count":2,"href":"https:\/\/poetomat.ch\/Wordpress\/wp-json\/wp\/v2\/pages\/1395\/revisions"}],"predecessor-version":[{"id":1399,"href":"https:\/\/poetomat.ch\/Wordpress\/wp-json\/wp\/v2\/pages\/1395\/revisions\/1399"}],"wp:attachment":[{"href":"https:\/\/poetomat.ch\/Wordpress\/wp-json\/wp\/v2\/media?parent=1395"}],"curies":[{"name":"wp","href":"https:\/\/api.w.org\/{rel}","templated":true}]}}